{"id":3508,"date":"2026-05-08T11:10:08","date_gmt":"2026-05-08T15:10:08","guid":{"rendered":"https:\/\/dgindustriel.com\/legal-notice\/"},"modified":"2026-05-08T11:10:09","modified_gmt":"2026-05-08T15:10:09","slug":"legal-notice","status":"publish","type":"page","link":"https:\/\/dgindustriel.com\/en\/legal-notice\/","title":{"rendered":"Legal Notice"},"content":{"rendered":"\n<p>Last updated: April 17, 2026<\/p>\n\n<h2 class=\"wp-block-heading\">Site Publisher<\/h2>\n\n<p>DG Industriel Inc. (DG)<br\/>565 Maisonneuve, Granby, Quebec, Canada, J2G 3H5<br\/>Phone: 450-372-9630<br\/>Email: info@dg-inc.qc.ca<\/p>\n\n<p><strong>Publication Manager<\/strong><br\/>Kathleen B\u00e9langer<\/p>\n\n<h2 class=\"wp-block-heading\">Website Hosting<\/h2>\n\n<p>iWeb Technologies Inc.<\/p>\n\n<p>5945 Couture Blvd,<br\/>Montreal QC H1P 1A8<\/p>\n\n<p>514-327-2180<\/p>\n\n<h2 class=\"wp-block-heading\">Intellectual Property<\/h2>\n\n<p>All content on the site (texts, images, logos, graphic elements, structure, etc.) is the property of DG Industriel Inc., unless otherwise indicated.<\/p>\n\n<p>Any reproduction, distribution, modification, or use, in whole or in part, without prior written authorization is prohibited.<\/p>\n\n<h2 class=\"wp-block-heading\">Responsibility<\/h2>\n\n<p>DG Industriel Inc. strives to ensure the accuracy of the information published on the site. However, the company cannot guarantee the absence of errors or omissions.<\/p>\n\n<p>The use of information on this site is at the user&#8217;s own risk.<\/p>\n\n<h2 class=\"wp-block-heading\">External Links<\/h2>\n\n<p>The site may contain links to external websites. DG Industriel Inc. exercises no control over these sites and disclaims all responsibility for their content.<\/p>\n\n<h2 class=\"wp-block-heading\">Applicable Law<\/h2>\n\n<p>The site and its content are governed by the laws applicable in the province of Quebec and the federal laws of Canada.<\/p>\n\n<h2 class=\"wp-block-heading\">Contact<\/h2>\n\n<p>For any questions regarding the site, you can contact us at:<\/p>\n\n<p>info@dg-inc.qc.ca<\/p>\n","protected":false},"excerpt":{"rendered":"<p>Last updated: April 17, 2026 Site Publisher DG Industriel Inc. (DG)565 Maisonneuve, Granby, Quebec, Canada, J2G 3H5Phone: 450-372-9630Email: info@dg-inc.qc.ca Publication ManagerKathleen B\u00e9langer Website Hosting iWeb Technologies Inc. 5945 Couture Blvd,Montreal QC H1P 1A8 514-327-2180 Intellectual Property All content on the site (texts, images, logos, graphic elements, structure, etc.) is the property of DG Industriel Inc., [&hellip;]<\/p>\n","protected":false},"author":4,"featured_media":3299,"parent":0,"menu_order":0,"comment_status":"closed","ping_status":"closed","template":"","meta":{"footnotes":""},"class_list":["post-3508","page","type-page","status-publish","has-post-thumbnail","hentry"],"yoast_head":"<!-- This site is optimized with the Yoast SEO plugin v27.5 - https:\/\/yoast.com\/product\/yoast-seo-wordpress\/ -->\n<title>Legal Notice - DG Industriel Inc.<\/title>\n<meta name=\"robots\" content=\"index, follow, max-snippet:-1, max-image-preview:large, max-video-preview:-1\" \/>\n<link rel=\"canonical\" href=\"https:\/\/dgindustriel.com\/en\/legal-notice\/\" \/>\n<meta property=\"og:locale\" content=\"en_US\" \/>\n<meta property=\"og:type\" content=\"article\" \/>\n<meta property=\"og:title\" content=\"Legal Notice - DG Industriel Inc.\" \/>\n<meta property=\"og:description\" content=\"Last updated: April 17, 2026 Site Publisher DG Industriel Inc. (DG)565 Maisonneuve, Granby, Quebec, Canada, J2G 3H5Phone: 450-372-9630Email: info@dg-inc.qc.ca Publication ManagerKathleen B\u00e9langer Website Hosting iWeb Technologies Inc. 5945 Couture Blvd,Montreal QC H1P 1A8 514-327-2180 Intellectual Property All content on the site (texts, images, logos, graphic elements, structure, etc.) is the property of DG Industriel Inc., [&hellip;]\" \/>\n<meta property=\"og:url\" content=\"https:\/\/dgindustriel.com\/en\/legal-notice\/\" \/>\n<meta property=\"og:site_name\" content=\"DG Industriel Inc.\" \/>\n<meta property=\"article:publisher\" content=\"https:\/\/www.facebook.com\/desmaraisetgagne\/\" \/>\n<meta property=\"article:modified_time\" content=\"2026-05-08T15:10:09+00:00\" \/>\n<meta property=\"og:image\" content=\"https:\/\/dgindustriel.com\/wp-content\/uploads\/2026\/03\/DSCF7554-scaled.jpg\" \/>\n\t<meta property=\"og:image:width\" content=\"2560\" \/>\n\t<meta property=\"og:image:height\" content=\"1710\" \/>\n\t<meta property=\"og:image:type\" content=\"image\/jpeg\" \/>\n<meta name=\"twitter:card\" content=\"summary_large_image\" \/>\n<meta name=\"twitter:label1\" content=\"Est. reading time\" \/>\n\t<meta name=\"twitter:data1\" content=\"1 minute\" \/>\n<script type=\"application\/ld+json\" class=\"yoast-schema-graph\">{\"@context\":\"https:\\\/\\\/schema.org\",\"@graph\":[{\"@type\":\"WebPage\",\"@id\":\"https:\\\/\\\/dgindustriel.com\\\/en\\\/legal-notice\\\/\",\"url\":\"https:\\\/\\\/dgindustriel.com\\\/en\\\/legal-notice\\\/\",\"name\":\"Legal Notice - DG Industriel Inc.\",\"isPartOf\":{\"@id\":\"https:\\\/\\\/dgindustriel.com\\\/#website\"},\"primaryImageOfPage\":{\"@id\":\"https:\\\/\\\/dgindustriel.com\\\/en\\\/legal-notice\\\/#primaryimage\"},\"image\":{\"@id\":\"https:\\\/\\\/dgindustriel.com\\\/en\\\/legal-notice\\\/#primaryimage\"},\"thumbnailUrl\":\"https:\\\/\\\/dgindustriel.com\\\/wp-content\\\/uploads\\\/2026\\\/03\\\/DSCF7554-scaled.jpg\",\"datePublished\":\"2026-05-08T15:10:08+00:00\",\"dateModified\":\"2026-05-08T15:10:09+00:00\",\"breadcrumb\":{\"@id\":\"https:\\\/\\\/dgindustriel.com\\\/en\\\/legal-notice\\\/#breadcrumb\"},\"inLanguage\":\"en-US\",\"potentialAction\":[{\"@type\":\"ReadAction\",\"target\":[\"https:\\\/\\\/dgindustriel.com\\\/en\\\/legal-notice\\\/\"]}]},{\"@type\":\"ImageObject\",\"inLanguage\":\"en-US\",\"@id\":\"https:\\\/\\\/dgindustriel.com\\\/en\\\/legal-notice\\\/#primaryimage\",\"url\":\"https:\\\/\\\/dgindustriel.com\\\/wp-content\\\/uploads\\\/2026\\\/03\\\/DSCF7554-scaled.jpg\",\"contentUrl\":\"https:\\\/\\\/dgindustriel.com\\\/wp-content\\\/uploads\\\/2026\\\/03\\\/DSCF7554-scaled.jpg\",\"width\":2560,\"height\":1710},{\"@type\":\"BreadcrumbList\",\"@id\":\"https:\\\/\\\/dgindustriel.com\\\/en\\\/legal-notice\\\/#breadcrumb\",\"itemListElement\":[{\"@type\":\"ListItem\",\"position\":1,\"name\":\"Accueil\",\"item\":\"https:\\\/\\\/dgindustriel.com\\\/en\\\/\"},{\"@type\":\"ListItem\",\"position\":2,\"name\":\"Legal Notice\"}]},{\"@type\":\"WebSite\",\"@id\":\"https:\\\/\\\/dgindustriel.com\\\/#website\",\"url\":\"https:\\\/\\\/dgindustriel.com\\\/\",\"name\":\"Desmarais &amp; Gagn\u00e9 inc.\",\"description\":\"Transformation m\u00e9tallique | Soudure robotis\u00e9e\",\"publisher\":{\"@id\":\"https:\\\/\\\/dgindustriel.com\\\/#organization\"},\"potentialAction\":[{\"@type\":\"SearchAction\",\"target\":{\"@type\":\"EntryPoint\",\"urlTemplate\":\"https:\\\/\\\/dgindustriel.com\\\/?s={search_term_string}\"},\"query-input\":{\"@type\":\"PropertyValueSpecification\",\"valueRequired\":true,\"valueName\":\"search_term_string\"}}],\"inLanguage\":\"en-US\"},{\"@type\":\"Organization\",\"@id\":\"https:\\\/\\\/dgindustriel.com\\\/#organization\",\"name\":\"Desmarais & Gagn\u00e9 inc.\",\"url\":\"https:\\\/\\\/dgindustriel.com\\\/\",\"logo\":{\"@type\":\"ImageObject\",\"inLanguage\":\"en-US\",\"@id\":\"https:\\\/\\\/dgindustriel.com\\\/#\\\/schema\\\/logo\\\/image\\\/\",\"url\":\"https:\\\/\\\/dgindustriel.com\\\/wp-content\\\/uploads\\\/2018\\\/12\\\/logo-dg.jpg\",\"contentUrl\":\"https:\\\/\\\/dgindustriel.com\\\/wp-content\\\/uploads\\\/2018\\\/12\\\/logo-dg.jpg\",\"width\":654,\"height\":293,\"caption\":\"Desmarais & Gagn\u00e9 inc.\"},\"image\":{\"@id\":\"https:\\\/\\\/dgindustriel.com\\\/#\\\/schema\\\/logo\\\/image\\\/\"},\"sameAs\":[\"https:\\\/\\\/www.facebook.com\\\/desmaraisetgagne\\\/\"]}]}<\/script>\n<!-- \/ Yoast SEO plugin. -->","yoast_head_json":{"title":"Legal Notice - DG Industriel Inc.","robots":{"index":"index","follow":"follow","max-snippet":"max-snippet:-1","max-image-preview":"max-image-preview:large","max-video-preview":"max-video-preview:-1"},"canonical":"https:\/\/dgindustriel.com\/en\/legal-notice\/","og_locale":"en_US","og_type":"article","og_title":"Legal Notice - DG Industriel Inc.","og_description":"Last updated: April 17, 2026 Site Publisher DG Industriel Inc. (DG)565 Maisonneuve, Granby, Quebec, Canada, J2G 3H5Phone: 450-372-9630Email: info@dg-inc.qc.ca Publication ManagerKathleen B\u00e9langer Website Hosting iWeb Technologies Inc. 5945 Couture Blvd,Montreal QC H1P 1A8 514-327-2180 Intellectual Property All content on the site (texts, images, logos, graphic elements, structure, etc.) is the property of DG Industriel Inc., [&hellip;]","og_url":"https:\/\/dgindustriel.com\/en\/legal-notice\/","og_site_name":"DG Industriel Inc.","article_publisher":"https:\/\/www.facebook.com\/desmaraisetgagne\/","article_modified_time":"2026-05-08T15:10:09+00:00","og_image":[{"width":2560,"height":1710,"url":"https:\/\/dgindustriel.com\/wp-content\/uploads\/2026\/03\/DSCF7554-scaled.jpg","type":"image\/jpeg"}],"twitter_card":"summary_large_image","twitter_misc":{"Est. reading time":"1 minute"},"schema":{"@context":"https:\/\/schema.org","@graph":[{"@type":"WebPage","@id":"https:\/\/dgindustriel.com\/en\/legal-notice\/","url":"https:\/\/dgindustriel.com\/en\/legal-notice\/","name":"Legal Notice - DG Industriel Inc.","isPartOf":{"@id":"https:\/\/dgindustriel.com\/#website"},"primaryImageOfPage":{"@id":"https:\/\/dgindustriel.com\/en\/legal-notice\/#primaryimage"},"image":{"@id":"https:\/\/dgindustriel.com\/en\/legal-notice\/#primaryimage"},"thumbnailUrl":"https:\/\/dgindustriel.com\/wp-content\/uploads\/2026\/03\/DSCF7554-scaled.jpg","datePublished":"2026-05-08T15:10:08+00:00","dateModified":"2026-05-08T15:10:09+00:00","breadcrumb":{"@id":"https:\/\/dgindustriel.com\/en\/legal-notice\/#breadcrumb"},"inLanguage":"en-US","potentialAction":[{"@type":"ReadAction","target":["https:\/\/dgindustriel.com\/en\/legal-notice\/"]}]},{"@type":"ImageObject","inLanguage":"en-US","@id":"https:\/\/dgindustriel.com\/en\/legal-notice\/#primaryimage","url":"https:\/\/dgindustriel.com\/wp-content\/uploads\/2026\/03\/DSCF7554-scaled.jpg","contentUrl":"https:\/\/dgindustriel.com\/wp-content\/uploads\/2026\/03\/DSCF7554-scaled.jpg","width":2560,"height":1710},{"@type":"BreadcrumbList","@id":"https:\/\/dgindustriel.com\/en\/legal-notice\/#breadcrumb","itemListElement":[{"@type":"ListItem","position":1,"name":"Accueil","item":"https:\/\/dgindustriel.com\/en\/"},{"@type":"ListItem","position":2,"name":"Legal Notice"}]},{"@type":"WebSite","@id":"https:\/\/dgindustriel.com\/#website","url":"https:\/\/dgindustriel.com\/","name":"Desmarais &amp; Gagn\u00e9 inc.","description":"Transformation m\u00e9tallique | Soudure robotis\u00e9e","publisher":{"@id":"https:\/\/dgindustriel.com\/#organization"},"potentialAction":[{"@type":"SearchAction","target":{"@type":"EntryPoint","urlTemplate":"https:\/\/dgindustriel.com\/?s={search_term_string}"},"query-input":{"@type":"PropertyValueSpecification","valueRequired":true,"valueName":"search_term_string"}}],"inLanguage":"en-US"},{"@type":"Organization","@id":"https:\/\/dgindustriel.com\/#organization","name":"Desmarais & Gagn\u00e9 inc.","url":"https:\/\/dgindustriel.com\/","logo":{"@type":"ImageObject","inLanguage":"en-US","@id":"https:\/\/dgindustriel.com\/#\/schema\/logo\/image\/","url":"https:\/\/dgindustriel.com\/wp-content\/uploads\/2018\/12\/logo-dg.jpg","contentUrl":"https:\/\/dgindustriel.com\/wp-content\/uploads\/2018\/12\/logo-dg.jpg","width":654,"height":293,"caption":"Desmarais & Gagn\u00e9 inc."},"image":{"@id":"https:\/\/dgindustriel.com\/#\/schema\/logo\/image\/"},"sameAs":["https:\/\/www.facebook.com\/desmaraisetgagne\/"]}]}},"_links":{"self":[{"href":"https:\/\/dgindustriel.com\/en\/wp-json\/wp\/v2\/pages\/3508","targetHints":{"allow":["GET"]}}],"collection":[{"href":"https:\/\/dgindustriel.com\/en\/wp-json\/wp\/v2\/pages"}],"about":[{"href":"https:\/\/dgindustriel.com\/en\/wp-json\/wp\/v2\/types\/page"}],"author":[{"embeddable":true,"href":"https:\/\/dgindustriel.com\/en\/wp-json\/wp\/v2\/users\/4"}],"replies":[{"embeddable":true,"href":"https:\/\/dgindustriel.com\/en\/wp-json\/wp\/v2\/comments?post=3508"}],"version-history":[{"count":1,"href":"https:\/\/dgindustriel.com\/en\/wp-json\/wp\/v2\/pages\/3508\/revisions"}],"predecessor-version":[{"id":3511,"href":"https:\/\/dgindustriel.com\/en\/wp-json\/wp\/v2\/pages\/3508\/revisions\/3511"}],"wp:featuredmedia":[{"embeddable":true,"href":"https:\/\/dgindustriel.com\/en\/wp-json\/wp\/v2\/media\/3299"}],"wp:attachment":[{"href":"https:\/\/dgindustriel.com\/en\/wp-json\/wp\/v2\/media?parent=3508"}],"curies":[{"name":"wp","href":"https:\/\/api.w.org\/{rel}","templated":true}]}}