{"id":651,"date":"2026-03-27T13:19:28","date_gmt":"2026-03-27T17:19:28","guid":{"rendered":"https:\/\/dgindustriel.com\/wp\/specialites\/welding\/soudure-mig\/"},"modified":"2026-04-27T15:47:20","modified_gmt":"2026-04-27T19:47:20","slug":"mig-welding","status":"publish","type":"page","link":"https:\/\/dgindustriel.com\/en\/specialites\/welding\/mig-welding\/","title":{"rendered":"MIG Welding"},"content":{"rendered":"\n<h2 class=\"wp-block-heading\">MIG welding is required for any application where material contributions are necessary to obtain solid and resistant welds.<\/h2>\n\n\n\n<p>This type of weld is currently used in the assembly of parts up to 0.035 to 1.25 inches in material thickness. In this case, the resulting weld is more apparent than any other welding technique. Desmarais &amp; Gagne inc. acquired new state-of-the-art welders in 2018, allowing them to further refine the precision of their work as well as improve production capacity.<\/p>\n\n\n\n<p>Compared to TIG welding, MIG welding is a faster process with equivalent resistance. We offer two types of processes for MIG and TIG welding, manual for low volume and robotized for large productions.<\/p>\n","protected":false},"excerpt":{"rendered":"<p>MIG welding is required for any application where material contributions are necessary to obtain solid and resistant welds. This type of weld is currently used in the assembly of parts up to 0.035 to 1.25 inches in material thickness. In this case, the resulting weld is more apparent than any other welding technique. Desmarais &amp; [&hellip;]<\/p>\n","protected":false},"author":1,"featured_media":0,"parent":629,"menu_order":2,"comment_status":"closed","ping_status":"closed","template":"","meta":{"footnotes":""},"class_list":["post-651","page","type-page","status-publish","hentry"],"yoast_head":"<!-- This site is optimized with the Yoast SEO plugin v27.5 - https:\/\/yoast.com\/product\/yoast-seo-wordpress\/ -->\n<title>MIG Welding - DG Industriel Inc.<\/title>\n<meta name=\"description\" content=\"MIG welding is utilized for applications requiring material deposition to achieve a strong and durable weld.\" \/>\n<meta name=\"robots\" content=\"index, follow, max-snippet:-1, max-image-preview:large, max-video-preview:-1\" \/>\n<link rel=\"canonical\" href=\"https:\/\/dgindustriel.com\/en\/specialites\/welding\/mig-welding\/\" \/>\n<meta property=\"og:locale\" content=\"en_US\" \/>\n<meta property=\"og:type\" content=\"article\" \/>\n<meta property=\"og:title\" content=\"MIG Welding - DG Industriel Inc.\" \/>\n<meta property=\"og:description\" content=\"MIG welding is utilized for applications requiring material deposition to achieve a strong and durable weld.\" \/>\n<meta property=\"og:url\" content=\"https:\/\/dgindustriel.com\/en\/specialites\/welding\/mig-welding\/\" \/>\n<meta property=\"og:site_name\" content=\"DG Industriel Inc.\" \/>\n<meta property=\"article:publisher\" content=\"https:\/\/www.facebook.com\/desmaraisetgagne\/\" \/>\n<meta property=\"article:modified_time\" content=\"2026-04-27T19:47:20+00:00\" \/>\n<meta name=\"twitter:card\" content=\"summary_large_image\" \/>\n<script type=\"application\/ld+json\" class=\"yoast-schema-graph\">{\"@context\":\"https:\\\/\\\/schema.org\",\"@graph\":[{\"@type\":\"WebPage\",\"@id\":\"https:\\\/\\\/dgindustriel.com\\\/en\\\/specialites\\\/welding\\\/mig-welding\\\/\",\"url\":\"https:\\\/\\\/dgindustriel.com\\\/en\\\/specialites\\\/welding\\\/mig-welding\\\/\",\"name\":\"MIG Welding - DG Industriel Inc.\",\"isPartOf\":{\"@id\":\"https:\\\/\\\/dgindustriel.com\\\/#website\"},\"datePublished\":\"2026-03-27T17:19:28+00:00\",\"dateModified\":\"2026-04-27T19:47:20+00:00\",\"description\":\"MIG welding is utilized for applications requiring material deposition to achieve a strong and durable weld.\",\"breadcrumb\":{\"@id\":\"https:\\\/\\\/dgindustriel.com\\\/en\\\/specialites\\\/welding\\\/mig-welding\\\/#breadcrumb\"},\"inLanguage\":\"en-US\",\"potentialAction\":[{\"@type\":\"ReadAction\",\"target\":[\"https:\\\/\\\/dgindustriel.com\\\/en\\\/specialites\\\/welding\\\/mig-welding\\\/\"]}]},{\"@type\":\"BreadcrumbList\",\"@id\":\"https:\\\/\\\/dgindustriel.com\\\/en\\\/specialites\\\/welding\\\/mig-welding\\\/#breadcrumb\",\"itemListElement\":[{\"@type\":\"ListItem\",\"position\":1,\"name\":\"Accueil\",\"item\":\"https:\\\/\\\/dgindustriel.com\\\/en\\\/\"},{\"@type\":\"ListItem\",\"position\":2,\"name\":\"Specialities\",\"item\":\"https:\\\/\\\/dgindustriel.com\\\/en\\\/specialites\\\/\"},{\"@type\":\"ListItem\",\"position\":3,\"name\":\"Welding\",\"item\":\"https:\\\/\\\/dgindustriel.com\\\/en\\\/specialites\\\/welding\\\/\"},{\"@type\":\"ListItem\",\"position\":4,\"name\":\"MIG Welding\"}]},{\"@type\":\"WebSite\",\"@id\":\"https:\\\/\\\/dgindustriel.com\\\/#website\",\"url\":\"https:\\\/\\\/dgindustriel.com\\\/\",\"name\":\"Desmarais &amp; Gagn\u00e9 inc.\",\"description\":\"Transformation m\u00e9tallique | Soudure robotis\u00e9e\",\"publisher\":{\"@id\":\"https:\\\/\\\/dgindustriel.com\\\/#organization\"},\"potentialAction\":[{\"@type\":\"SearchAction\",\"target\":{\"@type\":\"EntryPoint\",\"urlTemplate\":\"https:\\\/\\\/dgindustriel.com\\\/?s={search_term_string}\"},\"query-input\":{\"@type\":\"PropertyValueSpecification\",\"valueRequired\":true,\"valueName\":\"search_term_string\"}}],\"inLanguage\":\"en-US\"},{\"@type\":\"Organization\",\"@id\":\"https:\\\/\\\/dgindustriel.com\\\/#organization\",\"name\":\"Desmarais & Gagn\u00e9 inc.\",\"url\":\"https:\\\/\\\/dgindustriel.com\\\/\",\"logo\":{\"@type\":\"ImageObject\",\"inLanguage\":\"en-US\",\"@id\":\"https:\\\/\\\/dgindustriel.com\\\/#\\\/schema\\\/logo\\\/image\\\/\",\"url\":\"https:\\\/\\\/dgindustriel.com\\\/wp-content\\\/uploads\\\/2018\\\/12\\\/logo-dg.jpg\",\"contentUrl\":\"https:\\\/\\\/dgindustriel.com\\\/wp-content\\\/uploads\\\/2018\\\/12\\\/logo-dg.jpg\",\"width\":654,\"height\":293,\"caption\":\"Desmarais & Gagn\u00e9 inc.\"},\"image\":{\"@id\":\"https:\\\/\\\/dgindustriel.com\\\/#\\\/schema\\\/logo\\\/image\\\/\"},\"sameAs\":[\"https:\\\/\\\/www.facebook.com\\\/desmaraisetgagne\\\/\"]}]}<\/script>\n<!-- \/ Yoast SEO plugin. -->","yoast_head_json":{"title":"MIG Welding - DG Industriel Inc.","description":"MIG welding is utilized for applications requiring material deposition to achieve a strong and durable weld.","robots":{"index":"index","follow":"follow","max-snippet":"max-snippet:-1","max-image-preview":"max-image-preview:large","max-video-preview":"max-video-preview:-1"},"canonical":"https:\/\/dgindustriel.com\/en\/specialites\/welding\/mig-welding\/","og_locale":"en_US","og_type":"article","og_title":"MIG Welding - DG Industriel Inc.","og_description":"MIG welding is utilized for applications requiring material deposition to achieve a strong and durable weld.","og_url":"https:\/\/dgindustriel.com\/en\/specialites\/welding\/mig-welding\/","og_site_name":"DG Industriel Inc.","article_publisher":"https:\/\/www.facebook.com\/desmaraisetgagne\/","article_modified_time":"2026-04-27T19:47:20+00:00","twitter_card":"summary_large_image","schema":{"@context":"https:\/\/schema.org","@graph":[{"@type":"WebPage","@id":"https:\/\/dgindustriel.com\/en\/specialites\/welding\/mig-welding\/","url":"https:\/\/dgindustriel.com\/en\/specialites\/welding\/mig-welding\/","name":"MIG Welding - DG Industriel Inc.","isPartOf":{"@id":"https:\/\/dgindustriel.com\/#website"},"datePublished":"2026-03-27T17:19:28+00:00","dateModified":"2026-04-27T19:47:20+00:00","description":"MIG welding is utilized for applications requiring material deposition to achieve a strong and durable weld.","breadcrumb":{"@id":"https:\/\/dgindustriel.com\/en\/specialites\/welding\/mig-welding\/#breadcrumb"},"inLanguage":"en-US","potentialAction":[{"@type":"ReadAction","target":["https:\/\/dgindustriel.com\/en\/specialites\/welding\/mig-welding\/"]}]},{"@type":"BreadcrumbList","@id":"https:\/\/dgindustriel.com\/en\/specialites\/welding\/mig-welding\/#breadcrumb","itemListElement":[{"@type":"ListItem","position":1,"name":"Accueil","item":"https:\/\/dgindustriel.com\/en\/"},{"@type":"ListItem","position":2,"name":"Specialities","item":"https:\/\/dgindustriel.com\/en\/specialites\/"},{"@type":"ListItem","position":3,"name":"Welding","item":"https:\/\/dgindustriel.com\/en\/specialites\/welding\/"},{"@type":"ListItem","position":4,"name":"MIG Welding"}]},{"@type":"WebSite","@id":"https:\/\/dgindustriel.com\/#website","url":"https:\/\/dgindustriel.com\/","name":"Desmarais &amp; Gagn\u00e9 inc.","description":"Transformation m\u00e9tallique | Soudure robotis\u00e9e","publisher":{"@id":"https:\/\/dgindustriel.com\/#organization"},"potentialAction":[{"@type":"SearchAction","target":{"@type":"EntryPoint","urlTemplate":"https:\/\/dgindustriel.com\/?s={search_term_string}"},"query-input":{"@type":"PropertyValueSpecification","valueRequired":true,"valueName":"search_term_string"}}],"inLanguage":"en-US"},{"@type":"Organization","@id":"https:\/\/dgindustriel.com\/#organization","name":"Desmarais & Gagn\u00e9 inc.","url":"https:\/\/dgindustriel.com\/","logo":{"@type":"ImageObject","inLanguage":"en-US","@id":"https:\/\/dgindustriel.com\/#\/schema\/logo\/image\/","url":"https:\/\/dgindustriel.com\/wp-content\/uploads\/2018\/12\/logo-dg.jpg","contentUrl":"https:\/\/dgindustriel.com\/wp-content\/uploads\/2018\/12\/logo-dg.jpg","width":654,"height":293,"caption":"Desmarais & Gagn\u00e9 inc."},"image":{"@id":"https:\/\/dgindustriel.com\/#\/schema\/logo\/image\/"},"sameAs":["https:\/\/www.facebook.com\/desmaraisetgagne\/"]}]}},"_links":{"self":[{"href":"https:\/\/dgindustriel.com\/en\/wp-json\/wp\/v2\/pages\/651","targetHints":{"allow":["GET"]}}],"collection":[{"href":"https:\/\/dgindustriel.com\/en\/wp-json\/wp\/v2\/pages"}],"about":[{"href":"https:\/\/dgindustriel.com\/en\/wp-json\/wp\/v2\/types\/page"}],"author":[{"embeddable":true,"href":"https:\/\/dgindustriel.com\/en\/wp-json\/wp\/v2\/users\/1"}],"replies":[{"embeddable":true,"href":"https:\/\/dgindustriel.com\/en\/wp-json\/wp\/v2\/comments?post=651"}],"version-history":[{"count":3,"href":"https:\/\/dgindustriel.com\/en\/wp-json\/wp\/v2\/pages\/651\/revisions"}],"predecessor-version":[{"id":3290,"href":"https:\/\/dgindustriel.com\/en\/wp-json\/wp\/v2\/pages\/651\/revisions\/3290"}],"up":[{"embeddable":true,"href":"https:\/\/dgindustriel.com\/en\/wp-json\/wp\/v2\/pages\/629"}],"wp:attachment":[{"href":"https:\/\/dgindustriel.com\/en\/wp-json\/wp\/v2\/media?parent=651"}],"curies":[{"name":"wp","href":"https:\/\/api.w.org\/{rel}","templated":true}]}}