{"id":1567,"date":"2026-04-27T10:20:01","date_gmt":"2026-04-27T14:20:01","guid":{"rendered":"https:\/\/dgindustriel.com\/produit\/stair-climber\/"},"modified":"2026-04-27T14:51:10","modified_gmt":"2026-04-27T18:51:10","slug":"stair-climber","status":"publish","type":"product","link":"https:\/\/dgindustriel.com\/en\/produit\/stair-climber\/","title":{"rendered":"Stair Climber"},"content":{"rendered":"<h6 data-start=\"593\" data-end=\"637\">Makes stair transport easier<\/h6>\n<p data-start=\"638\" data-end=\"862\">Welded directly to the hand truck structure, Dollygo stair climbers allow you to move up and down stairs with stability, safety, and control\u2014even with heavy loads.<\/p>\n<h6 data-start=\"864\" data-end=\"908\">Built for heavy-duty use<\/h6>\n<p data-start=\"909\" data-end=\"1126\">The aluminum structure is lightweight and durable, while the nylon extrusions in direct contact with the stairs are designed to withstand wear and frequent impacts in industrial environments.<\/p>\n<h6 data-start=\"1128\" data-end=\"1165\">Less effort, more efficiency<\/h6>\n<p data-start=\"1166\" data-end=\"1414\">Stair climbers reduced the physical effort required on stairs and promote better use of muscle groups. This helps reduce the risk of injuries, workplace accidents, and fatigue, while improving overall productivity.<\/p>\n<h6 data-start=\"1416\" data-end=\"1448\">Welded to the hand truck<\/h6>\n<p data-start=\"1449\" data-end=\"1666\">Designed as an accessory for Dollygo industrial hand trucks, stair climbers are welded directly onto the unit for a durable, reliable solution perfectly suited to professional needs.<\/p>\n","protected":false},"excerpt":{"rendered":"<p>Bolted to the main structure, your DG-600 Hand-truck gives you the option to climb an unlimited number of steps easily and safely. (The price includes the pair)<\/p>\n","protected":false},"featured_media":3137,"template":"","meta":[],"product_brand":[],"product_cat":[39,40],"product_tag":[],"class_list":{"0":"post-1567","1":"product","2":"type-product","3":"status-publish","4":"has-post-thumbnail","6":"product_cat-accessories","7":"product_cat-improvements","9":"first","10":"instock","11":"shipping-taxable","12":"purchasable","13":"product-type-simple"},"exclude_global_add_ons":[],"addons":[],"yoast_head":"<!-- This site is optimized with the Yoast SEO plugin v27.5 - https:\/\/yoast.com\/product\/yoast-seo-wordpress\/ -->\n<title>Stair Climber - DG Industriel Inc.<\/title>\n<meta name=\"robots\" content=\"index, follow, max-snippet:-1, max-image-preview:large, max-video-preview:-1\" \/>\n<link rel=\"canonical\" href=\"https:\/\/dgindustriel.com\/en\/?post_type=product&p=1567\" \/>\n<meta property=\"og:locale\" content=\"en_US\" \/>\n<meta property=\"og:type\" content=\"article\" \/>\n<meta property=\"og:title\" content=\"Stair Climber - DG Industriel Inc.\" \/>\n<meta property=\"og:description\" content=\"Bolted to the main structure, your DG-600 Hand-truck gives you the option to climb an unlimited number of steps easily and safely. (The price includes the pair)\" \/>\n<meta property=\"og:url\" content=\"https:\/\/dgindustriel.com\/en\/?post_type=product&amp;p=1567\" \/>\n<meta property=\"og:site_name\" content=\"DG Industriel Inc.\" \/>\n<meta property=\"article:publisher\" content=\"https:\/\/www.facebook.com\/desmaraisetgagne\/\" \/>\n<meta property=\"article:modified_time\" content=\"2026-04-27T18:51:10+00:00\" \/>\n<meta property=\"og:image\" content=\"https:\/\/dgindustriel.com\/wp-content\/uploads\/2023\/03\/option-monte-marche.jpg\" \/>\n\t<meta property=\"og:image:width\" content=\"1500\" \/>\n\t<meta property=\"og:image:height\" content=\"1500\" \/>\n\t<meta property=\"og:image:type\" content=\"image\/jpeg\" \/>\n<meta name=\"twitter:card\" content=\"summary_large_image\" \/>\n<meta name=\"twitter:label1\" content=\"Est. reading time\" \/>\n\t<meta name=\"twitter:data1\" content=\"1 minute\" \/>\n<script type=\"application\/ld+json\" class=\"yoast-schema-graph\">{\"@context\":\"https:\\\/\\\/schema.org\",\"@graph\":[{\"@type\":\"WebPage\",\"@id\":\"https:\\\/\\\/dgindustriel.com\\\/en\\\/?post_type=product&p=1567\",\"url\":\"https:\\\/\\\/dgindustriel.com\\\/en\\\/?post_type=product&p=1567\",\"name\":\"Stair Climber - DG Industriel Inc.\",\"isPartOf\":{\"@id\":\"https:\\\/\\\/dgindustriel.com\\\/#website\"},\"primaryImageOfPage\":{\"@id\":\"https:\\\/\\\/dgindustriel.com\\\/en\\\/?post_type=product&p=1567#primaryimage\"},\"image\":{\"@id\":\"https:\\\/\\\/dgindustriel.com\\\/en\\\/?post_type=product&p=1567#primaryimage\"},\"thumbnailUrl\":\"https:\\\/\\\/dgindustriel.com\\\/wp-content\\\/uploads\\\/2026\\\/04\\\/monte-marches-amovible-pour-escalier.jpg\",\"datePublished\":\"2026-04-27T14:20:01+00:00\",\"dateModified\":\"2026-04-27T18:51:10+00:00\",\"breadcrumb\":{\"@id\":\"https:\\\/\\\/dgindustriel.com\\\/en\\\/?post_type=product&p=1567#breadcrumb\"},\"inLanguage\":\"en-US\",\"potentialAction\":[{\"@type\":\"ReadAction\",\"target\":[\"https:\\\/\\\/dgindustriel.com\\\/en\\\/?post_type=product&p=1567\"]}]},{\"@type\":\"ImageObject\",\"inLanguage\":\"en-US\",\"@id\":\"https:\\\/\\\/dgindustriel.com\\\/en\\\/?post_type=product&p=1567#primaryimage\",\"url\":\"https:\\\/\\\/dgindustriel.com\\\/wp-content\\\/uploads\\\/2026\\\/04\\\/monte-marches-amovible-pour-escalier.jpg\",\"contentUrl\":\"https:\\\/\\\/dgindustriel.com\\\/wp-content\\\/uploads\\\/2026\\\/04\\\/monte-marches-amovible-pour-escalier.jpg\",\"width\":1080,\"height\":1080},{\"@type\":\"BreadcrumbList\",\"@id\":\"https:\\\/\\\/dgindustriel.com\\\/en\\\/?post_type=product&p=1567#breadcrumb\",\"itemListElement\":[{\"@type\":\"ListItem\",\"position\":1,\"name\":\"Accueil\",\"item\":\"https:\\\/\\\/dgindustriel.com\\\/en\\\/\"},{\"@type\":\"ListItem\",\"position\":2,\"name\":\"Produits\",\"item\":\"https:\\\/\\\/dgindustriel.com\\\/shop\\\/\"},{\"@type\":\"ListItem\",\"position\":3,\"name\":\"Stair Climber\"}]},{\"@type\":\"WebSite\",\"@id\":\"https:\\\/\\\/dgindustriel.com\\\/#website\",\"url\":\"https:\\\/\\\/dgindustriel.com\\\/\",\"name\":\"Desmarais &amp; Gagn\u00e9 inc.\",\"description\":\"Transformation m\u00e9tallique | Soudure robotis\u00e9e\",\"publisher\":{\"@id\":\"https:\\\/\\\/dgindustriel.com\\\/#organization\"},\"potentialAction\":[{\"@type\":\"SearchAction\",\"target\":{\"@type\":\"EntryPoint\",\"urlTemplate\":\"https:\\\/\\\/dgindustriel.com\\\/?s={search_term_string}\"},\"query-input\":{\"@type\":\"PropertyValueSpecification\",\"valueRequired\":true,\"valueName\":\"search_term_string\"}}],\"inLanguage\":\"en-US\"},{\"@type\":\"Organization\",\"@id\":\"https:\\\/\\\/dgindustriel.com\\\/#organization\",\"name\":\"Desmarais & Gagn\u00e9 inc.\",\"url\":\"https:\\\/\\\/dgindustriel.com\\\/\",\"logo\":{\"@type\":\"ImageObject\",\"inLanguage\":\"en-US\",\"@id\":\"https:\\\/\\\/dgindustriel.com\\\/#\\\/schema\\\/logo\\\/image\\\/\",\"url\":\"https:\\\/\\\/dgindustriel.com\\\/wp-content\\\/uploads\\\/2018\\\/12\\\/logo-dg.jpg\",\"contentUrl\":\"https:\\\/\\\/dgindustriel.com\\\/wp-content\\\/uploads\\\/2018\\\/12\\\/logo-dg.jpg\",\"width\":654,\"height\":293,\"caption\":\"Desmarais & Gagn\u00e9 inc.\"},\"image\":{\"@id\":\"https:\\\/\\\/dgindustriel.com\\\/#\\\/schema\\\/logo\\\/image\\\/\"},\"sameAs\":[\"https:\\\/\\\/www.facebook.com\\\/desmaraisetgagne\\\/\"]}]}<\/script>\n<!-- \/ Yoast SEO plugin. -->","yoast_head_json":{"title":"Stair Climber - DG Industriel Inc.","robots":{"index":"index","follow":"follow","max-snippet":"max-snippet:-1","max-image-preview":"max-image-preview:large","max-video-preview":"max-video-preview:-1"},"canonical":"https:\/\/dgindustriel.com\/en\/?post_type=product&p=1567","og_locale":"en_US","og_type":"article","og_title":"Stair Climber - DG Industriel Inc.","og_description":"Bolted to the main structure, your DG-600 Hand-truck gives you the option to climb an unlimited number of steps easily and safely. (The price includes the pair)","og_url":"https:\/\/dgindustriel.com\/en\/?post_type=product&p=1567","og_site_name":"DG Industriel Inc.","article_publisher":"https:\/\/www.facebook.com\/desmaraisetgagne\/","article_modified_time":"2026-04-27T18:51:10+00:00","og_image":[{"width":1500,"height":1500,"url":"https:\/\/dgindustriel.com\/wp-content\/uploads\/2023\/03\/option-monte-marche.jpg","type":"image\/jpeg"}],"twitter_card":"summary_large_image","twitter_misc":{"Est. reading time":"1 minute"},"schema":{"@context":"https:\/\/schema.org","@graph":[{"@type":"WebPage","@id":"https:\/\/dgindustriel.com\/en\/?post_type=product&p=1567","url":"https:\/\/dgindustriel.com\/en\/?post_type=product&p=1567","name":"Stair Climber - DG Industriel Inc.","isPartOf":{"@id":"https:\/\/dgindustriel.com\/#website"},"primaryImageOfPage":{"@id":"https:\/\/dgindustriel.com\/en\/?post_type=product&p=1567#primaryimage"},"image":{"@id":"https:\/\/dgindustriel.com\/en\/?post_type=product&p=1567#primaryimage"},"thumbnailUrl":"https:\/\/dgindustriel.com\/wp-content\/uploads\/2026\/04\/monte-marches-amovible-pour-escalier.jpg","datePublished":"2026-04-27T14:20:01+00:00","dateModified":"2026-04-27T18:51:10+00:00","breadcrumb":{"@id":"https:\/\/dgindustriel.com\/en\/?post_type=product&p=1567#breadcrumb"},"inLanguage":"en-US","potentialAction":[{"@type":"ReadAction","target":["https:\/\/dgindustriel.com\/en\/?post_type=product&p=1567"]}]},{"@type":"ImageObject","inLanguage":"en-US","@id":"https:\/\/dgindustriel.com\/en\/?post_type=product&p=1567#primaryimage","url":"https:\/\/dgindustriel.com\/wp-content\/uploads\/2026\/04\/monte-marches-amovible-pour-escalier.jpg","contentUrl":"https:\/\/dgindustriel.com\/wp-content\/uploads\/2026\/04\/monte-marches-amovible-pour-escalier.jpg","width":1080,"height":1080},{"@type":"BreadcrumbList","@id":"https:\/\/dgindustriel.com\/en\/?post_type=product&p=1567#breadcrumb","itemListElement":[{"@type":"ListItem","position":1,"name":"Accueil","item":"https:\/\/dgindustriel.com\/en\/"},{"@type":"ListItem","position":2,"name":"Produits","item":"https:\/\/dgindustriel.com\/shop\/"},{"@type":"ListItem","position":3,"name":"Stair Climber"}]},{"@type":"WebSite","@id":"https:\/\/dgindustriel.com\/#website","url":"https:\/\/dgindustriel.com\/","name":"Desmarais &amp; Gagn\u00e9 inc.","description":"Transformation m\u00e9tallique | Soudure robotis\u00e9e","publisher":{"@id":"https:\/\/dgindustriel.com\/#organization"},"potentialAction":[{"@type":"SearchAction","target":{"@type":"EntryPoint","urlTemplate":"https:\/\/dgindustriel.com\/?s={search_term_string}"},"query-input":{"@type":"PropertyValueSpecification","valueRequired":true,"valueName":"search_term_string"}}],"inLanguage":"en-US"},{"@type":"Organization","@id":"https:\/\/dgindustriel.com\/#organization","name":"Desmarais & Gagn\u00e9 inc.","url":"https:\/\/dgindustriel.com\/","logo":{"@type":"ImageObject","inLanguage":"en-US","@id":"https:\/\/dgindustriel.com\/#\/schema\/logo\/image\/","url":"https:\/\/dgindustriel.com\/wp-content\/uploads\/2018\/12\/logo-dg.jpg","contentUrl":"https:\/\/dgindustriel.com\/wp-content\/uploads\/2018\/12\/logo-dg.jpg","width":654,"height":293,"caption":"Desmarais & Gagn\u00e9 inc."},"image":{"@id":"https:\/\/dgindustriel.com\/#\/schema\/logo\/image\/"},"sameAs":["https:\/\/www.facebook.com\/desmaraisetgagne\/"]}]}},"_links":{"self":[{"href":"https:\/\/dgindustriel.com\/en\/wp-json\/wp\/v2\/product\/1567","targetHints":{"allow":["GET"]}}],"collection":[{"href":"https:\/\/dgindustriel.com\/en\/wp-json\/wp\/v2\/product"}],"about":[{"href":"https:\/\/dgindustriel.com\/en\/wp-json\/wp\/v2\/types\/product"}],"version-history":[{"count":2,"href":"https:\/\/dgindustriel.com\/en\/wp-json\/wp\/v2\/product\/1567\/revisions"}],"predecessor-version":[{"id":3256,"href":"https:\/\/dgindustriel.com\/en\/wp-json\/wp\/v2\/product\/1567\/revisions\/3256"}],"wp:featuredmedia":[{"embeddable":true,"href":"https:\/\/dgindustriel.com\/en\/wp-json\/wp\/v2\/media\/3137"}],"wp:attachment":[{"href":"https:\/\/dgindustriel.com\/en\/wp-json\/wp\/v2\/media?parent=1567"}],"wp:term":[{"taxonomy":"product_brand","embeddable":true,"href":"https:\/\/dgindustriel.com\/en\/wp-json\/wp\/v2\/product_brand?post=1567"},{"taxonomy":"product_cat","embeddable":true,"href":"https:\/\/dgindustriel.com\/en\/wp-json\/wp\/v2\/product_cat?post=1567"},{"taxonomy":"product_tag","embeddable":true,"href":"https:\/\/dgindustriel.com\/en\/wp-json\/wp\/v2\/product_tag?post=1567"}],"curies":[{"name":"wp","href":"https:\/\/api.w.org\/{rel}","templated":true}]}}