{"id":1581,"date":"2026-04-27T10:19:59","date_gmt":"2026-04-27T14:19:59","guid":{"rendered":"https:\/\/dgindustriel.com\/produit\/extruded-nylon-for-stair-climber\/"},"modified":"2026-04-27T14:51:11","modified_gmt":"2026-04-27T18:51:11","slug":"nylon-extrusion-for-stair-climber","status":"publish","type":"product","link":"https:\/\/dgindustriel.com\/en\/produit\/nylon-extrusion-for-stair-climber\/","title":{"rendered":"Nylon extrusion for Stair Climber"},"content":{"rendered":"<p>The Dollygo stair climbers black nylon extrusions are a replacement part designed to protect the aluminum structure when moving up and down stairs, especially under heavy loads.<\/p>\n<p>Sold as a pair, they replace the section in direct contact with the stairs and act as a wear surface, thus extending the life of the stair climbers.<\/p>\n<p>Nylon offers excellent abrasion resistance, absorbs shocks, and reduces premature wear of the aluminum.<\/p>\n<h6>Applications:<\/h6>\n<p>\u2022 Replacement of worn extrusions<br \/>\n\u2022 Preventive maintenance of a Dollygo stair climbers<br \/>\n\u2022 Intensive use on stairs<br \/>\n\u2022 Transport of heavy loads<\/p>\n<h6>Advantages:<\/h6>\n<p>\u2022 Protects the aluminum structure<br \/>\n\u2022 Resistant to wear and impact<br \/>\n\u2022 Specifically designed for Dollygo<br \/>\n\u2022 Simple installation<br \/>\n\u2022 Extends equipment lifespan<\/p>\n<h6>Specifications:<\/h6>\n<p>\u2022 Material: Nylon<br \/>\n\u2022 Color: Black<br \/>\n\u2022 Format: Pair (2 units)<br \/>\n\u2022 Application: Dollygo stair climbers<br \/>\n\u2022 Use: Industrial \/ handling<\/p>\n","protected":false},"excerpt":{"rendered":"<p>Nylon extrusion for stair climber<\/p>\n","protected":false},"featured_media":3172,"template":"","meta":[],"product_brand":[],"product_cat":[39,40],"product_tag":[],"class_list":{"0":"post-1581","1":"product","2":"type-product","3":"status-publish","4":"has-post-thumbnail","6":"product_cat-accessories","7":"product_cat-improvements","9":"first","10":"instock","11":"shipping-taxable","12":"purchasable","13":"product-type-simple"},"exclude_global_add_ons":[],"addons":[],"yoast_head":"<!-- This site is optimized with the Yoast SEO plugin v27.5 - https:\/\/yoast.com\/product\/yoast-seo-wordpress\/ -->\n<title>Nylon extrusion for Stair Climber - DG Industriel Inc.<\/title>\n<meta name=\"robots\" content=\"index, follow, max-snippet:-1, max-image-preview:large, max-video-preview:-1\" \/>\n<link rel=\"canonical\" href=\"https:\/\/dgindustriel.com\/en\/?post_type=product&p=1581\" \/>\n<meta property=\"og:locale\" content=\"en_US\" \/>\n<meta property=\"og:type\" content=\"article\" \/>\n<meta property=\"og:title\" content=\"Nylon extrusion for Stair Climber - DG Industriel Inc.\" \/>\n<meta property=\"og:description\" content=\"Nylon extrusion for stair climber\" \/>\n<meta property=\"og:url\" content=\"https:\/\/dgindustriel.com\/en\/?post_type=product&amp;p=1581\" \/>\n<meta property=\"og:site_name\" content=\"DG Industriel Inc.\" \/>\n<meta property=\"article:publisher\" content=\"https:\/\/www.facebook.com\/desmaraisetgagne\/\" \/>\n<meta property=\"article:modified_time\" content=\"2026-04-27T18:51:11+00:00\" \/>\n<meta property=\"og:image\" content=\"https:\/\/dgindustriel.com\/wp-content\/uploads\/2023\/03\/option-extrusion-nylon-monte-marche.jpg\" \/>\n\t<meta property=\"og:image:width\" content=\"1500\" \/>\n\t<meta property=\"og:image:height\" content=\"1500\" \/>\n\t<meta property=\"og:image:type\" content=\"image\/jpeg\" \/>\n<meta name=\"twitter:card\" content=\"summary_large_image\" \/>\n<meta name=\"twitter:label1\" content=\"Est. reading time\" \/>\n\t<meta name=\"twitter:data1\" content=\"1 minute\" \/>\n<script type=\"application\/ld+json\" class=\"yoast-schema-graph\">{\"@context\":\"https:\\\/\\\/schema.org\",\"@graph\":[{\"@type\":\"WebPage\",\"@id\":\"https:\\\/\\\/dgindustriel.com\\\/en\\\/?post_type=product&p=1581\",\"url\":\"https:\\\/\\\/dgindustriel.com\\\/en\\\/?post_type=product&p=1581\",\"name\":\"Nylon extrusion for Stair Climber - DG Industriel Inc.\",\"isPartOf\":{\"@id\":\"https:\\\/\\\/dgindustriel.com\\\/#website\"},\"primaryImageOfPage\":{\"@id\":\"https:\\\/\\\/dgindustriel.com\\\/en\\\/?post_type=product&p=1581#primaryimage\"},\"image\":{\"@id\":\"https:\\\/\\\/dgindustriel.com\\\/en\\\/?post_type=product&p=1581#primaryimage\"},\"thumbnailUrl\":\"https:\\\/\\\/dgindustriel.com\\\/wp-content\\\/uploads\\\/2026\\\/04\\\/extrusion-nylon-noire-monte-marche-dollygo-paire.jpg\",\"datePublished\":\"2026-04-27T14:19:59+00:00\",\"dateModified\":\"2026-04-27T18:51:11+00:00\",\"breadcrumb\":{\"@id\":\"https:\\\/\\\/dgindustriel.com\\\/en\\\/?post_type=product&p=1581#breadcrumb\"},\"inLanguage\":\"en-US\",\"potentialAction\":[{\"@type\":\"ReadAction\",\"target\":[\"https:\\\/\\\/dgindustriel.com\\\/en\\\/?post_type=product&p=1581\"]}]},{\"@type\":\"ImageObject\",\"inLanguage\":\"en-US\",\"@id\":\"https:\\\/\\\/dgindustriel.com\\\/en\\\/?post_type=product&p=1581#primaryimage\",\"url\":\"https:\\\/\\\/dgindustriel.com\\\/wp-content\\\/uploads\\\/2026\\\/04\\\/extrusion-nylon-noire-monte-marche-dollygo-paire.jpg\",\"contentUrl\":\"https:\\\/\\\/dgindustriel.com\\\/wp-content\\\/uploads\\\/2026\\\/04\\\/extrusion-nylon-noire-monte-marche-dollygo-paire.jpg\",\"width\":1080,\"height\":1080},{\"@type\":\"BreadcrumbList\",\"@id\":\"https:\\\/\\\/dgindustriel.com\\\/en\\\/?post_type=product&p=1581#breadcrumb\",\"itemListElement\":[{\"@type\":\"ListItem\",\"position\":1,\"name\":\"Accueil\",\"item\":\"https:\\\/\\\/dgindustriel.com\\\/en\\\/\"},{\"@type\":\"ListItem\",\"position\":2,\"name\":\"Produits\",\"item\":\"https:\\\/\\\/dgindustriel.com\\\/shop\\\/\"},{\"@type\":\"ListItem\",\"position\":3,\"name\":\"Nylon extrusion for Stair Climber\"}]},{\"@type\":\"WebSite\",\"@id\":\"https:\\\/\\\/dgindustriel.com\\\/#website\",\"url\":\"https:\\\/\\\/dgindustriel.com\\\/\",\"name\":\"Desmarais &amp; Gagn\u00e9 inc.\",\"description\":\"Transformation m\u00e9tallique | Soudure robotis\u00e9e\",\"publisher\":{\"@id\":\"https:\\\/\\\/dgindustriel.com\\\/#organization\"},\"potentialAction\":[{\"@type\":\"SearchAction\",\"target\":{\"@type\":\"EntryPoint\",\"urlTemplate\":\"https:\\\/\\\/dgindustriel.com\\\/?s={search_term_string}\"},\"query-input\":{\"@type\":\"PropertyValueSpecification\",\"valueRequired\":true,\"valueName\":\"search_term_string\"}}],\"inLanguage\":\"en-US\"},{\"@type\":\"Organization\",\"@id\":\"https:\\\/\\\/dgindustriel.com\\\/#organization\",\"name\":\"Desmarais & Gagn\u00e9 inc.\",\"url\":\"https:\\\/\\\/dgindustriel.com\\\/\",\"logo\":{\"@type\":\"ImageObject\",\"inLanguage\":\"en-US\",\"@id\":\"https:\\\/\\\/dgindustriel.com\\\/#\\\/schema\\\/logo\\\/image\\\/\",\"url\":\"https:\\\/\\\/dgindustriel.com\\\/wp-content\\\/uploads\\\/2018\\\/12\\\/logo-dg.jpg\",\"contentUrl\":\"https:\\\/\\\/dgindustriel.com\\\/wp-content\\\/uploads\\\/2018\\\/12\\\/logo-dg.jpg\",\"width\":654,\"height\":293,\"caption\":\"Desmarais & Gagn\u00e9 inc.\"},\"image\":{\"@id\":\"https:\\\/\\\/dgindustriel.com\\\/#\\\/schema\\\/logo\\\/image\\\/\"},\"sameAs\":[\"https:\\\/\\\/www.facebook.com\\\/desmaraisetgagne\\\/\"]}]}<\/script>\n<!-- \/ Yoast SEO plugin. -->","yoast_head_json":{"title":"Nylon extrusion for Stair Climber - DG Industriel Inc.","robots":{"index":"index","follow":"follow","max-snippet":"max-snippet:-1","max-image-preview":"max-image-preview:large","max-video-preview":"max-video-preview:-1"},"canonical":"https:\/\/dgindustriel.com\/en\/?post_type=product&p=1581","og_locale":"en_US","og_type":"article","og_title":"Nylon extrusion for Stair Climber - DG Industriel Inc.","og_description":"Nylon extrusion for stair climber","og_url":"https:\/\/dgindustriel.com\/en\/?post_type=product&p=1581","og_site_name":"DG Industriel Inc.","article_publisher":"https:\/\/www.facebook.com\/desmaraisetgagne\/","article_modified_time":"2026-04-27T18:51:11+00:00","og_image":[{"width":1500,"height":1500,"url":"https:\/\/dgindustriel.com\/wp-content\/uploads\/2023\/03\/option-extrusion-nylon-monte-marche.jpg","type":"image\/jpeg"}],"twitter_card":"summary_large_image","twitter_misc":{"Est. reading time":"1 minute"},"schema":{"@context":"https:\/\/schema.org","@graph":[{"@type":"WebPage","@id":"https:\/\/dgindustriel.com\/en\/?post_type=product&p=1581","url":"https:\/\/dgindustriel.com\/en\/?post_type=product&p=1581","name":"Nylon extrusion for Stair Climber - DG Industriel Inc.","isPartOf":{"@id":"https:\/\/dgindustriel.com\/#website"},"primaryImageOfPage":{"@id":"https:\/\/dgindustriel.com\/en\/?post_type=product&p=1581#primaryimage"},"image":{"@id":"https:\/\/dgindustriel.com\/en\/?post_type=product&p=1581#primaryimage"},"thumbnailUrl":"https:\/\/dgindustriel.com\/wp-content\/uploads\/2026\/04\/extrusion-nylon-noire-monte-marche-dollygo-paire.jpg","datePublished":"2026-04-27T14:19:59+00:00","dateModified":"2026-04-27T18:51:11+00:00","breadcrumb":{"@id":"https:\/\/dgindustriel.com\/en\/?post_type=product&p=1581#breadcrumb"},"inLanguage":"en-US","potentialAction":[{"@type":"ReadAction","target":["https:\/\/dgindustriel.com\/en\/?post_type=product&p=1581"]}]},{"@type":"ImageObject","inLanguage":"en-US","@id":"https:\/\/dgindustriel.com\/en\/?post_type=product&p=1581#primaryimage","url":"https:\/\/dgindustriel.com\/wp-content\/uploads\/2026\/04\/extrusion-nylon-noire-monte-marche-dollygo-paire.jpg","contentUrl":"https:\/\/dgindustriel.com\/wp-content\/uploads\/2026\/04\/extrusion-nylon-noire-monte-marche-dollygo-paire.jpg","width":1080,"height":1080},{"@type":"BreadcrumbList","@id":"https:\/\/dgindustriel.com\/en\/?post_type=product&p=1581#breadcrumb","itemListElement":[{"@type":"ListItem","position":1,"name":"Accueil","item":"https:\/\/dgindustriel.com\/en\/"},{"@type":"ListItem","position":2,"name":"Produits","item":"https:\/\/dgindustriel.com\/shop\/"},{"@type":"ListItem","position":3,"name":"Nylon extrusion for Stair Climber"}]},{"@type":"WebSite","@id":"https:\/\/dgindustriel.com\/#website","url":"https:\/\/dgindustriel.com\/","name":"Desmarais &amp; Gagn\u00e9 inc.","description":"Transformation m\u00e9tallique | Soudure robotis\u00e9e","publisher":{"@id":"https:\/\/dgindustriel.com\/#organization"},"potentialAction":[{"@type":"SearchAction","target":{"@type":"EntryPoint","urlTemplate":"https:\/\/dgindustriel.com\/?s={search_term_string}"},"query-input":{"@type":"PropertyValueSpecification","valueRequired":true,"valueName":"search_term_string"}}],"inLanguage":"en-US"},{"@type":"Organization","@id":"https:\/\/dgindustriel.com\/#organization","name":"Desmarais & Gagn\u00e9 inc.","url":"https:\/\/dgindustriel.com\/","logo":{"@type":"ImageObject","inLanguage":"en-US","@id":"https:\/\/dgindustriel.com\/#\/schema\/logo\/image\/","url":"https:\/\/dgindustriel.com\/wp-content\/uploads\/2018\/12\/logo-dg.jpg","contentUrl":"https:\/\/dgindustriel.com\/wp-content\/uploads\/2018\/12\/logo-dg.jpg","width":654,"height":293,"caption":"Desmarais & Gagn\u00e9 inc."},"image":{"@id":"https:\/\/dgindustriel.com\/#\/schema\/logo\/image\/"},"sameAs":["https:\/\/www.facebook.com\/desmaraisetgagne\/"]}]}},"_links":{"self":[{"href":"https:\/\/dgindustriel.com\/en\/wp-json\/wp\/v2\/product\/1581","targetHints":{"allow":["GET"]}}],"collection":[{"href":"https:\/\/dgindustriel.com\/en\/wp-json\/wp\/v2\/product"}],"about":[{"href":"https:\/\/dgindustriel.com\/en\/wp-json\/wp\/v2\/types\/product"}],"version-history":[{"count":3,"href":"https:\/\/dgindustriel.com\/en\/wp-json\/wp\/v2\/product\/1581\/revisions"}],"predecessor-version":[{"id":3235,"href":"https:\/\/dgindustriel.com\/en\/wp-json\/wp\/v2\/product\/1581\/revisions\/3235"}],"wp:featuredmedia":[{"embeddable":true,"href":"https:\/\/dgindustriel.com\/en\/wp-json\/wp\/v2\/media\/3172"}],"wp:attachment":[{"href":"https:\/\/dgindustriel.com\/en\/wp-json\/wp\/v2\/media?parent=1581"}],"wp:term":[{"taxonomy":"product_brand","embeddable":true,"href":"https:\/\/dgindustriel.com\/en\/wp-json\/wp\/v2\/product_brand?post=1581"},{"taxonomy":"product_cat","embeddable":true,"href":"https:\/\/dgindustriel.com\/en\/wp-json\/wp\/v2\/product_cat?post=1581"},{"taxonomy":"product_tag","embeddable":true,"href":"https:\/\/dgindustriel.com\/en\/wp-json\/wp\/v2\/product_tag?post=1581"}],"curies":[{"name":"wp","href":"https:\/\/api.w.org\/{rel}","templated":true}]}}