{"id":1586,"date":"2026-04-27T10:20:04","date_gmt":"2026-04-27T14:20:04","guid":{"rendered":"https:\/\/dgindustriel.com\/produit\/dg-600-hand-truck-barrel-and-cylinder\/"},"modified":"2026-04-27T14:51:08","modified_gmt":"2026-04-27T18:51:08","slug":"dg-600-hand-truck-barrel-and-cylinder","status":"publish","type":"product","link":"https:\/\/dgindustriel.com\/en\/produit\/dg-600-hand-truck-barrel-and-cylinder\/","title":{"rendered":"DG-600 Hand Truck (Barrel and cylinder)"},"content":{"rendered":"<p>The DG-600 Hand-truck for barrels and cylinders is entirely made of aluminium, offering a moving capacity of up to 600 pounds. Weighing only 34 pounds, this one is easily transportable and manoeuvrable. One important feature of this model is its partially curved structure that can accommodate any cylindrical object of different heights. In addition, it contains two armrests at each end for transporting objects with a flat surface. This model is versatile and fits your industry needs.<\/p>\n","protected":false},"excerpt":{"rendered":"<p>The DG-600 Hand-truck for barrels and cylinders is entirely made of aluminium, offering a moving capacity of up to 600 pounds. Weighing only 34 pounds, this one is easily transportable and manoeuvrable. One important feature of this model is its partially curved structure that can accommodate any cylindrical object of different heights. In addition, it contains two armrests at each end for transporting objects with a flat surface. This model is versatile and fits your industry needs.<\/p>\n","protected":false},"featured_media":2992,"template":"","meta":[],"product_brand":[],"product_cat":[38],"product_tag":[],"class_list":{"0":"post-1586","1":"product","2":"type-product","3":"status-publish","4":"has-post-thumbnail","6":"product_cat-hand-trucks","8":"first","9":"instock","10":"shipping-taxable","11":"purchasable","12":"product-type-simple"},"exclude_global_add_ons":[],"addons":[],"yoast_head":"<!-- This site is optimized with the Yoast SEO plugin v27.5 - https:\/\/yoast.com\/product\/yoast-seo-wordpress\/ -->\n<title>DG-600 Hand Truck (Barrel and cylinder) - DG Industriel Inc.<\/title>\n<meta name=\"robots\" content=\"index, follow, max-snippet:-1, max-image-preview:large, max-video-preview:-1\" \/>\n<link rel=\"canonical\" href=\"https:\/\/dgindustriel.com\/en\/?post_type=product&p=1586\" \/>\n<meta property=\"og:locale\" content=\"en_US\" \/>\n<meta property=\"og:type\" content=\"article\" \/>\n<meta property=\"og:title\" content=\"DG-600 Hand Truck (Barrel and cylinder) - DG Industriel Inc.\" \/>\n<meta property=\"og:description\" content=\"The DG-600 Hand-truck for barrels and cylinders is entirely made of aluminium, offering a moving capacity of up to 600 pounds. Weighing only 34 pounds, this one is easily transportable and manoeuvrable. One important feature of this model is its partially curved structure that can accommodate any cylindrical object of different heights. In addition, it contains two armrests at each end for transporting objects with a flat surface. This model is versatile and fits your industry needs.\" \/>\n<meta property=\"og:url\" content=\"https:\/\/dgindustriel.com\/en\/?post_type=product&amp;p=1586\" \/>\n<meta property=\"og:site_name\" content=\"DG Industriel Inc.\" \/>\n<meta property=\"article:publisher\" content=\"https:\/\/www.facebook.com\/desmaraisetgagne\/\" \/>\n<meta property=\"article:modified_time\" content=\"2026-04-27T18:51:08+00:00\" \/>\n<meta property=\"og:image\" content=\"https:\/\/dgindustriel.com\/wp-content\/uploads\/2023\/03\/big-dg-600-baril.jpg\" \/>\n\t<meta property=\"og:image:width\" content=\"1500\" \/>\n\t<meta property=\"og:image:height\" content=\"1500\" \/>\n\t<meta property=\"og:image:type\" content=\"image\/jpeg\" \/>\n<meta name=\"twitter:card\" content=\"summary_large_image\" \/>\n<script type=\"application\/ld+json\" class=\"yoast-schema-graph\">{\"@context\":\"https:\\\/\\\/schema.org\",\"@graph\":[{\"@type\":\"WebPage\",\"@id\":\"https:\\\/\\\/dgindustriel.com\\\/en\\\/?post_type=product&p=1586\",\"url\":\"https:\\\/\\\/dgindustriel.com\\\/en\\\/?post_type=product&p=1586\",\"name\":\"DG-600 Hand Truck (Barrel and cylinder) - DG Industriel Inc.\",\"isPartOf\":{\"@id\":\"https:\\\/\\\/dgindustriel.com\\\/#website\"},\"primaryImageOfPage\":{\"@id\":\"https:\\\/\\\/dgindustriel.com\\\/en\\\/?post_type=product&p=1586#primaryimage\"},\"image\":{\"@id\":\"https:\\\/\\\/dgindustriel.com\\\/en\\\/?post_type=product&p=1586#primaryimage\"},\"thumbnailUrl\":\"https:\\\/\\\/dgindustriel.com\\\/wp-content\\\/uploads\\\/2026\\\/04\\\/dg600-baril-carre.png\",\"datePublished\":\"2026-04-27T14:20:04+00:00\",\"dateModified\":\"2026-04-27T18:51:08+00:00\",\"breadcrumb\":{\"@id\":\"https:\\\/\\\/dgindustriel.com\\\/en\\\/?post_type=product&p=1586#breadcrumb\"},\"inLanguage\":\"en-US\",\"potentialAction\":[{\"@type\":\"ReadAction\",\"target\":[\"https:\\\/\\\/dgindustriel.com\\\/en\\\/?post_type=product&p=1586\"]}]},{\"@type\":\"ImageObject\",\"inLanguage\":\"en-US\",\"@id\":\"https:\\\/\\\/dgindustriel.com\\\/en\\\/?post_type=product&p=1586#primaryimage\",\"url\":\"https:\\\/\\\/dgindustriel.com\\\/wp-content\\\/uploads\\\/2026\\\/04\\\/dg600-baril-carre.png\",\"contentUrl\":\"https:\\\/\\\/dgindustriel.com\\\/wp-content\\\/uploads\\\/2026\\\/04\\\/dg600-baril-carre.png\",\"width\":1000,\"height\":1000},{\"@type\":\"BreadcrumbList\",\"@id\":\"https:\\\/\\\/dgindustriel.com\\\/en\\\/?post_type=product&p=1586#breadcrumb\",\"itemListElement\":[{\"@type\":\"ListItem\",\"position\":1,\"name\":\"Accueil\",\"item\":\"https:\\\/\\\/dgindustriel.com\\\/en\\\/\"},{\"@type\":\"ListItem\",\"position\":2,\"name\":\"Produits\",\"item\":\"https:\\\/\\\/dgindustriel.com\\\/shop\\\/\"},{\"@type\":\"ListItem\",\"position\":3,\"name\":\"DG-600 Hand Truck (Barrel and cylinder)\"}]},{\"@type\":\"WebSite\",\"@id\":\"https:\\\/\\\/dgindustriel.com\\\/#website\",\"url\":\"https:\\\/\\\/dgindustriel.com\\\/\",\"name\":\"Desmarais &amp; Gagn\u00e9 inc.\",\"description\":\"Transformation m\u00e9tallique | Soudure robotis\u00e9e\",\"publisher\":{\"@id\":\"https:\\\/\\\/dgindustriel.com\\\/#organization\"},\"potentialAction\":[{\"@type\":\"SearchAction\",\"target\":{\"@type\":\"EntryPoint\",\"urlTemplate\":\"https:\\\/\\\/dgindustriel.com\\\/?s={search_term_string}\"},\"query-input\":{\"@type\":\"PropertyValueSpecification\",\"valueRequired\":true,\"valueName\":\"search_term_string\"}}],\"inLanguage\":\"en-US\"},{\"@type\":\"Organization\",\"@id\":\"https:\\\/\\\/dgindustriel.com\\\/#organization\",\"name\":\"Desmarais & Gagn\u00e9 inc.\",\"url\":\"https:\\\/\\\/dgindustriel.com\\\/\",\"logo\":{\"@type\":\"ImageObject\",\"inLanguage\":\"en-US\",\"@id\":\"https:\\\/\\\/dgindustriel.com\\\/#\\\/schema\\\/logo\\\/image\\\/\",\"url\":\"https:\\\/\\\/dgindustriel.com\\\/wp-content\\\/uploads\\\/2018\\\/12\\\/logo-dg.jpg\",\"contentUrl\":\"https:\\\/\\\/dgindustriel.com\\\/wp-content\\\/uploads\\\/2018\\\/12\\\/logo-dg.jpg\",\"width\":654,\"height\":293,\"caption\":\"Desmarais & Gagn\u00e9 inc.\"},\"image\":{\"@id\":\"https:\\\/\\\/dgindustriel.com\\\/#\\\/schema\\\/logo\\\/image\\\/\"},\"sameAs\":[\"https:\\\/\\\/www.facebook.com\\\/desmaraisetgagne\\\/\"]}]}<\/script>\n<!-- \/ Yoast SEO plugin. -->","yoast_head_json":{"title":"DG-600 Hand Truck (Barrel and cylinder) - DG Industriel Inc.","robots":{"index":"index","follow":"follow","max-snippet":"max-snippet:-1","max-image-preview":"max-image-preview:large","max-video-preview":"max-video-preview:-1"},"canonical":"https:\/\/dgindustriel.com\/en\/?post_type=product&p=1586","og_locale":"en_US","og_type":"article","og_title":"DG-600 Hand Truck (Barrel and cylinder) - DG Industriel Inc.","og_description":"The DG-600 Hand-truck for barrels and cylinders is entirely made of aluminium, offering a moving capacity of up to 600 pounds. Weighing only 34 pounds, this one is easily transportable and manoeuvrable. One important feature of this model is its partially curved structure that can accommodate any cylindrical object of different heights. In addition, it contains two armrests at each end for transporting objects with a flat surface. This model is versatile and fits your industry needs.","og_url":"https:\/\/dgindustriel.com\/en\/?post_type=product&p=1586","og_site_name":"DG Industriel Inc.","article_publisher":"https:\/\/www.facebook.com\/desmaraisetgagne\/","article_modified_time":"2026-04-27T18:51:08+00:00","og_image":[{"width":1500,"height":1500,"url":"https:\/\/dgindustriel.com\/wp-content\/uploads\/2023\/03\/big-dg-600-baril.jpg","type":"image\/jpeg"}],"twitter_card":"summary_large_image","schema":{"@context":"https:\/\/schema.org","@graph":[{"@type":"WebPage","@id":"https:\/\/dgindustriel.com\/en\/?post_type=product&p=1586","url":"https:\/\/dgindustriel.com\/en\/?post_type=product&p=1586","name":"DG-600 Hand Truck (Barrel and cylinder) - DG Industriel Inc.","isPartOf":{"@id":"https:\/\/dgindustriel.com\/#website"},"primaryImageOfPage":{"@id":"https:\/\/dgindustriel.com\/en\/?post_type=product&p=1586#primaryimage"},"image":{"@id":"https:\/\/dgindustriel.com\/en\/?post_type=product&p=1586#primaryimage"},"thumbnailUrl":"https:\/\/dgindustriel.com\/wp-content\/uploads\/2026\/04\/dg600-baril-carre.png","datePublished":"2026-04-27T14:20:04+00:00","dateModified":"2026-04-27T18:51:08+00:00","breadcrumb":{"@id":"https:\/\/dgindustriel.com\/en\/?post_type=product&p=1586#breadcrumb"},"inLanguage":"en-US","potentialAction":[{"@type":"ReadAction","target":["https:\/\/dgindustriel.com\/en\/?post_type=product&p=1586"]}]},{"@type":"ImageObject","inLanguage":"en-US","@id":"https:\/\/dgindustriel.com\/en\/?post_type=product&p=1586#primaryimage","url":"https:\/\/dgindustriel.com\/wp-content\/uploads\/2026\/04\/dg600-baril-carre.png","contentUrl":"https:\/\/dgindustriel.com\/wp-content\/uploads\/2026\/04\/dg600-baril-carre.png","width":1000,"height":1000},{"@type":"BreadcrumbList","@id":"https:\/\/dgindustriel.com\/en\/?post_type=product&p=1586#breadcrumb","itemListElement":[{"@type":"ListItem","position":1,"name":"Accueil","item":"https:\/\/dgindustriel.com\/en\/"},{"@type":"ListItem","position":2,"name":"Produits","item":"https:\/\/dgindustriel.com\/shop\/"},{"@type":"ListItem","position":3,"name":"DG-600 Hand Truck (Barrel and cylinder)"}]},{"@type":"WebSite","@id":"https:\/\/dgindustriel.com\/#website","url":"https:\/\/dgindustriel.com\/","name":"Desmarais &amp; Gagn\u00e9 inc.","description":"Transformation m\u00e9tallique | Soudure robotis\u00e9e","publisher":{"@id":"https:\/\/dgindustriel.com\/#organization"},"potentialAction":[{"@type":"SearchAction","target":{"@type":"EntryPoint","urlTemplate":"https:\/\/dgindustriel.com\/?s={search_term_string}"},"query-input":{"@type":"PropertyValueSpecification","valueRequired":true,"valueName":"search_term_string"}}],"inLanguage":"en-US"},{"@type":"Organization","@id":"https:\/\/dgindustriel.com\/#organization","name":"Desmarais & Gagn\u00e9 inc.","url":"https:\/\/dgindustriel.com\/","logo":{"@type":"ImageObject","inLanguage":"en-US","@id":"https:\/\/dgindustriel.com\/#\/schema\/logo\/image\/","url":"https:\/\/dgindustriel.com\/wp-content\/uploads\/2018\/12\/logo-dg.jpg","contentUrl":"https:\/\/dgindustriel.com\/wp-content\/uploads\/2018\/12\/logo-dg.jpg","width":654,"height":293,"caption":"Desmarais & Gagn\u00e9 inc."},"image":{"@id":"https:\/\/dgindustriel.com\/#\/schema\/logo\/image\/"},"sameAs":["https:\/\/www.facebook.com\/desmaraisetgagne\/"]}]}},"_links":{"self":[{"href":"https:\/\/dgindustriel.com\/en\/wp-json\/wp\/v2\/product\/1586","targetHints":{"allow":["GET"]}}],"collection":[{"href":"https:\/\/dgindustriel.com\/en\/wp-json\/wp\/v2\/product"}],"about":[{"href":"https:\/\/dgindustriel.com\/en\/wp-json\/wp\/v2\/types\/product"}],"version-history":[{"count":2,"href":"https:\/\/dgindustriel.com\/en\/wp-json\/wp\/v2\/product\/1586\/revisions"}],"predecessor-version":[{"id":3224,"href":"https:\/\/dgindustriel.com\/en\/wp-json\/wp\/v2\/product\/1586\/revisions\/3224"}],"wp:featuredmedia":[{"embeddable":true,"href":"https:\/\/dgindustriel.com\/en\/wp-json\/wp\/v2\/media\/2992"}],"wp:attachment":[{"href":"https:\/\/dgindustriel.com\/en\/wp-json\/wp\/v2\/media?parent=1586"}],"wp:term":[{"taxonomy":"product_brand","embeddable":true,"href":"https:\/\/dgindustriel.com\/en\/wp-json\/wp\/v2\/product_brand?post=1586"},{"taxonomy":"product_cat","embeddable":true,"href":"https:\/\/dgindustriel.com\/en\/wp-json\/wp\/v2\/product_cat?post=1586"},{"taxonomy":"product_tag","embeddable":true,"href":"https:\/\/dgindustriel.com\/en\/wp-json\/wp\/v2\/product_tag?post=1586"}],"curies":[{"name":"wp","href":"https:\/\/api.w.org\/{rel}","templated":true}]}}