{"id":1646,"date":"2026-04-27T10:19:59","date_gmt":"2026-04-27T14:19:59","guid":{"rendered":"https:\/\/dgindustriel.com\/?post_type=product&#038;p=1646"},"modified":"2026-04-27T14:51:11","modified_gmt":"2026-04-27T18:51:11","slug":"double-removable-barrel-support","status":"publish","type":"product","link":"https:\/\/dgindustriel.com\/en\/produit\/double-removable-barrel-support\/","title":{"rendered":"Double Removable Barrel Support"},"content":{"rendered":"<h6>Transport of kegs and jugs<\/h6>\n<p>Dollygo removable keg holders allow you to transport kegs and bottles safely and efficiently. Their design ensures maximum stability during movement, even with heavy loads.<\/p>\n<h6>Removable<\/h6>\n<p>These holders can be easily removed, allowing you to convert your hand truck for standard loads when the support is not needed. This flexibility helps maximize the use of your hand truck in any situation.<\/p>\n<h6>Two options available<\/h6>\n<p><strong>Simple :<\/strong>\u00a0For transporting standard kegs.<\/p>\n<p><strong>Double :<\/strong>\u00a0For transporting 5-gallon bottles. The price of this option includes two holders.<\/p>\n","protected":false},"excerpt":{"rendered":"<p>This option allows you to transport barrels and cylinders safely and efficiently. The double barrel allows the tandem transport of two cylindrical objects, for increased efficiency.<\/p>\n","protected":false},"featured_media":3155,"template":"","meta":[],"product_brand":[],"product_cat":[39],"product_tag":[],"class_list":{"0":"post-1646","1":"product","2":"type-product","3":"status-publish","4":"has-post-thumbnail","6":"product_cat-accessories","8":"first","9":"instock","10":"shipping-taxable","11":"purchasable","12":"product-type-simple"},"exclude_global_add_ons":[],"addons":[],"yoast_head":"<!-- This site is optimized with the Yoast SEO plugin v27.5 - https:\/\/yoast.com\/product\/yoast-seo-wordpress\/ -->\n<title>Double Removable Barrel Support - DG Industriel Inc.<\/title>\n<meta name=\"robots\" content=\"index, follow, max-snippet:-1, max-image-preview:large, max-video-preview:-1\" \/>\n<link rel=\"canonical\" href=\"https:\/\/dgindustriel.com\/en\/?post_type=product&p=1646\" \/>\n<meta property=\"og:locale\" content=\"en_US\" \/>\n<meta property=\"og:type\" content=\"article\" \/>\n<meta property=\"og:title\" content=\"Double Removable Barrel Support - DG Industriel Inc.\" \/>\n<meta property=\"og:description\" content=\"This option allows you to transport barrels and cylinders safely and efficiently. The double barrel allows the tandem transport of two cylindrical objects, for increased efficiency.\" \/>\n<meta property=\"og:url\" content=\"https:\/\/dgindustriel.com\/en\/?post_type=product&amp;p=1646\" \/>\n<meta property=\"og:site_name\" content=\"DG Industriel Inc.\" \/>\n<meta property=\"article:publisher\" content=\"https:\/\/www.facebook.com\/desmaraisetgagne\/\" \/>\n<meta property=\"article:modified_time\" content=\"2026-04-27T18:51:11+00:00\" \/>\n<meta property=\"og:image\" content=\"https:\/\/dgindustriel.com\/wp-content\/uploads\/2023\/04\/support-double.png\" \/>\n\t<meta property=\"og:image:width\" content=\"500\" \/>\n\t<meta property=\"og:image:height\" content=\"500\" \/>\n\t<meta property=\"og:image:type\" content=\"image\/png\" \/>\n<meta name=\"twitter:card\" content=\"summary_large_image\" \/>\n<script type=\"application\/ld+json\" class=\"yoast-schema-graph\">{\"@context\":\"https:\\\/\\\/schema.org\",\"@graph\":[{\"@type\":\"WebPage\",\"@id\":\"https:\\\/\\\/dgindustriel.com\\\/en\\\/?post_type=product&p=1646\",\"url\":\"https:\\\/\\\/dgindustriel.com\\\/en\\\/?post_type=product&p=1646\",\"name\":\"Double Removable Barrel Support - DG Industriel Inc.\",\"isPartOf\":{\"@id\":\"https:\\\/\\\/dgindustriel.com\\\/#website\"},\"primaryImageOfPage\":{\"@id\":\"https:\\\/\\\/dgindustriel.com\\\/en\\\/?post_type=product&p=1646#primaryimage\"},\"image\":{\"@id\":\"https:\\\/\\\/dgindustriel.com\\\/en\\\/?post_type=product&p=1646#primaryimage\"},\"thumbnailUrl\":\"https:\\\/\\\/dgindustriel.com\\\/wp-content\\\/uploads\\\/2026\\\/04\\\/big-support-baril-1.jpg\",\"datePublished\":\"2026-04-27T14:19:59+00:00\",\"dateModified\":\"2026-04-27T18:51:11+00:00\",\"breadcrumb\":{\"@id\":\"https:\\\/\\\/dgindustriel.com\\\/en\\\/?post_type=product&p=1646#breadcrumb\"},\"inLanguage\":\"en-US\",\"potentialAction\":[{\"@type\":\"ReadAction\",\"target\":[\"https:\\\/\\\/dgindustriel.com\\\/en\\\/?post_type=product&p=1646\"]}]},{\"@type\":\"ImageObject\",\"inLanguage\":\"en-US\",\"@id\":\"https:\\\/\\\/dgindustriel.com\\\/en\\\/?post_type=product&p=1646#primaryimage\",\"url\":\"https:\\\/\\\/dgindustriel.com\\\/wp-content\\\/uploads\\\/2026\\\/04\\\/big-support-baril-1.jpg\",\"contentUrl\":\"https:\\\/\\\/dgindustriel.com\\\/wp-content\\\/uploads\\\/2026\\\/04\\\/big-support-baril-1.jpg\",\"width\":1080,\"height\":1080},{\"@type\":\"BreadcrumbList\",\"@id\":\"https:\\\/\\\/dgindustriel.com\\\/en\\\/?post_type=product&p=1646#breadcrumb\",\"itemListElement\":[{\"@type\":\"ListItem\",\"position\":1,\"name\":\"Accueil\",\"item\":\"https:\\\/\\\/dgindustriel.com\\\/en\\\/\"},{\"@type\":\"ListItem\",\"position\":2,\"name\":\"Produits\",\"item\":\"https:\\\/\\\/dgindustriel.com\\\/shop\\\/\"},{\"@type\":\"ListItem\",\"position\":3,\"name\":\"Double Removable Barrel Support\"}]},{\"@type\":\"WebSite\",\"@id\":\"https:\\\/\\\/dgindustriel.com\\\/#website\",\"url\":\"https:\\\/\\\/dgindustriel.com\\\/\",\"name\":\"Desmarais &amp; Gagn\u00e9 inc.\",\"description\":\"Transformation m\u00e9tallique | Soudure robotis\u00e9e\",\"publisher\":{\"@id\":\"https:\\\/\\\/dgindustriel.com\\\/#organization\"},\"potentialAction\":[{\"@type\":\"SearchAction\",\"target\":{\"@type\":\"EntryPoint\",\"urlTemplate\":\"https:\\\/\\\/dgindustriel.com\\\/?s={search_term_string}\"},\"query-input\":{\"@type\":\"PropertyValueSpecification\",\"valueRequired\":true,\"valueName\":\"search_term_string\"}}],\"inLanguage\":\"en-US\"},{\"@type\":\"Organization\",\"@id\":\"https:\\\/\\\/dgindustriel.com\\\/#organization\",\"name\":\"Desmarais & Gagn\u00e9 inc.\",\"url\":\"https:\\\/\\\/dgindustriel.com\\\/\",\"logo\":{\"@type\":\"ImageObject\",\"inLanguage\":\"en-US\",\"@id\":\"https:\\\/\\\/dgindustriel.com\\\/#\\\/schema\\\/logo\\\/image\\\/\",\"url\":\"https:\\\/\\\/dgindustriel.com\\\/wp-content\\\/uploads\\\/2018\\\/12\\\/logo-dg.jpg\",\"contentUrl\":\"https:\\\/\\\/dgindustriel.com\\\/wp-content\\\/uploads\\\/2018\\\/12\\\/logo-dg.jpg\",\"width\":654,\"height\":293,\"caption\":\"Desmarais & Gagn\u00e9 inc.\"},\"image\":{\"@id\":\"https:\\\/\\\/dgindustriel.com\\\/#\\\/schema\\\/logo\\\/image\\\/\"},\"sameAs\":[\"https:\\\/\\\/www.facebook.com\\\/desmaraisetgagne\\\/\"]}]}<\/script>\n<!-- \/ Yoast SEO plugin. -->","yoast_head_json":{"title":"Double Removable Barrel Support - DG Industriel Inc.","robots":{"index":"index","follow":"follow","max-snippet":"max-snippet:-1","max-image-preview":"max-image-preview:large","max-video-preview":"max-video-preview:-1"},"canonical":"https:\/\/dgindustriel.com\/en\/?post_type=product&p=1646","og_locale":"en_US","og_type":"article","og_title":"Double Removable Barrel Support - DG Industriel Inc.","og_description":"This option allows you to transport barrels and cylinders safely and efficiently. The double barrel allows the tandem transport of two cylindrical objects, for increased efficiency.","og_url":"https:\/\/dgindustriel.com\/en\/?post_type=product&p=1646","og_site_name":"DG Industriel Inc.","article_publisher":"https:\/\/www.facebook.com\/desmaraisetgagne\/","article_modified_time":"2026-04-27T18:51:11+00:00","og_image":[{"width":500,"height":500,"url":"https:\/\/dgindustriel.com\/wp-content\/uploads\/2023\/04\/support-double.png","type":"image\/png"}],"twitter_card":"summary_large_image","schema":{"@context":"https:\/\/schema.org","@graph":[{"@type":"WebPage","@id":"https:\/\/dgindustriel.com\/en\/?post_type=product&p=1646","url":"https:\/\/dgindustriel.com\/en\/?post_type=product&p=1646","name":"Double Removable Barrel Support - DG Industriel Inc.","isPartOf":{"@id":"https:\/\/dgindustriel.com\/#website"},"primaryImageOfPage":{"@id":"https:\/\/dgindustriel.com\/en\/?post_type=product&p=1646#primaryimage"},"image":{"@id":"https:\/\/dgindustriel.com\/en\/?post_type=product&p=1646#primaryimage"},"thumbnailUrl":"https:\/\/dgindustriel.com\/wp-content\/uploads\/2026\/04\/big-support-baril-1.jpg","datePublished":"2026-04-27T14:19:59+00:00","dateModified":"2026-04-27T18:51:11+00:00","breadcrumb":{"@id":"https:\/\/dgindustriel.com\/en\/?post_type=product&p=1646#breadcrumb"},"inLanguage":"en-US","potentialAction":[{"@type":"ReadAction","target":["https:\/\/dgindustriel.com\/en\/?post_type=product&p=1646"]}]},{"@type":"ImageObject","inLanguage":"en-US","@id":"https:\/\/dgindustriel.com\/en\/?post_type=product&p=1646#primaryimage","url":"https:\/\/dgindustriel.com\/wp-content\/uploads\/2026\/04\/big-support-baril-1.jpg","contentUrl":"https:\/\/dgindustriel.com\/wp-content\/uploads\/2026\/04\/big-support-baril-1.jpg","width":1080,"height":1080},{"@type":"BreadcrumbList","@id":"https:\/\/dgindustriel.com\/en\/?post_type=product&p=1646#breadcrumb","itemListElement":[{"@type":"ListItem","position":1,"name":"Accueil","item":"https:\/\/dgindustriel.com\/en\/"},{"@type":"ListItem","position":2,"name":"Produits","item":"https:\/\/dgindustriel.com\/shop\/"},{"@type":"ListItem","position":3,"name":"Double Removable Barrel Support"}]},{"@type":"WebSite","@id":"https:\/\/dgindustriel.com\/#website","url":"https:\/\/dgindustriel.com\/","name":"Desmarais &amp; Gagn\u00e9 inc.","description":"Transformation m\u00e9tallique | Soudure robotis\u00e9e","publisher":{"@id":"https:\/\/dgindustriel.com\/#organization"},"potentialAction":[{"@type":"SearchAction","target":{"@type":"EntryPoint","urlTemplate":"https:\/\/dgindustriel.com\/?s={search_term_string}"},"query-input":{"@type":"PropertyValueSpecification","valueRequired":true,"valueName":"search_term_string"}}],"inLanguage":"en-US"},{"@type":"Organization","@id":"https:\/\/dgindustriel.com\/#organization","name":"Desmarais & Gagn\u00e9 inc.","url":"https:\/\/dgindustriel.com\/","logo":{"@type":"ImageObject","inLanguage":"en-US","@id":"https:\/\/dgindustriel.com\/#\/schema\/logo\/image\/","url":"https:\/\/dgindustriel.com\/wp-content\/uploads\/2018\/12\/logo-dg.jpg","contentUrl":"https:\/\/dgindustriel.com\/wp-content\/uploads\/2018\/12\/logo-dg.jpg","width":654,"height":293,"caption":"Desmarais & Gagn\u00e9 inc."},"image":{"@id":"https:\/\/dgindustriel.com\/#\/schema\/logo\/image\/"},"sameAs":["https:\/\/www.facebook.com\/desmaraisetgagne\/"]}]}},"_links":{"self":[{"href":"https:\/\/dgindustriel.com\/en\/wp-json\/wp\/v2\/product\/1646","targetHints":{"allow":["GET"]}}],"collection":[{"href":"https:\/\/dgindustriel.com\/en\/wp-json\/wp\/v2\/product"}],"about":[{"href":"https:\/\/dgindustriel.com\/en\/wp-json\/wp\/v2\/types\/product"}],"version-history":[{"count":2,"href":"https:\/\/dgindustriel.com\/en\/wp-json\/wp\/v2\/product\/1646\/revisions"}],"predecessor-version":[{"id":3225,"href":"https:\/\/dgindustriel.com\/en\/wp-json\/wp\/v2\/product\/1646\/revisions\/3225"}],"wp:featuredmedia":[{"embeddable":true,"href":"https:\/\/dgindustriel.com\/en\/wp-json\/wp\/v2\/media\/3155"}],"wp:attachment":[{"href":"https:\/\/dgindustriel.com\/en\/wp-json\/wp\/v2\/media?parent=1646"}],"wp:term":[{"taxonomy":"product_brand","embeddable":true,"href":"https:\/\/dgindustriel.com\/en\/wp-json\/wp\/v2\/product_brand?post=1646"},{"taxonomy":"product_cat","embeddable":true,"href":"https:\/\/dgindustriel.com\/en\/wp-json\/wp\/v2\/product_cat?post=1646"},{"taxonomy":"product_tag","embeddable":true,"href":"https:\/\/dgindustriel.com\/en\/wp-json\/wp\/v2\/product_tag?post=1646"}],"curies":[{"name":"wp","href":"https:\/\/api.w.org\/{rel}","templated":true}]}}