{"id":1647,"date":"2023-04-05T15:49:22","date_gmt":"2023-04-05T19:49:22","guid":{"rendered":"https:\/\/dgindustriel.com\/produit\/dg-600\/"},"modified":"2026-04-27T14:51:12","modified_gmt":"2026-04-27T18:51:12","slug":"dg-600-2","status":"publish","type":"product","link":"https:\/\/dgindustriel.com\/en\/produit\/dg-600-2\/","title":{"rendered":"DG-600"},"content":{"rendered":"<p>The DG-600 hand truck: the one that has built our reputation since 1995.<\/p>\n<p>This two-wheel dolly is a go-to solution for handling heavy, everyday loads. Fully welded from T6061-T6 aluminum, it\u2019s lightweight (27.30 lbs) and built for long-term durability.<\/p>\n<h6>Accessories included in the base price:<\/h6>\n<ul>\n<li>8-inch nose plate<\/li>\n<li>Two 10-inch wheels with tubes<\/li>\n<li>Two standard handles<\/li>\n<\/ul>\n<p>Thanks to its customizable design, you can add a wide range of accessories or modify the included ones to fit your specific needs. Move up to 600 lb with ease using a lightweight 32 lb hand truck\u2014practical, durable, and suited to all types of loads.<\/p>\n<h6>Built for everyday use:<\/h6>\n<ul>\n<li data-section-id=\"1d2f459\" data-start=\"746\" data-end=\"783\">Small and medium-sized businesses<\/li>\n<li data-section-id=\"1ajt41b\" data-start=\"784\" data-end=\"826\">Transportation and logistics companies<\/li>\n<li data-section-id=\"12ns6w4\" data-start=\"827\" data-end=\"847\">Shopping centers<\/li>\n<li data-section-id=\"3n6ibn\" data-start=\"848\" data-end=\"865\">Retail stores<\/li>\n<\/ul>\n","protected":false},"excerpt":{"rendered":"<p>The DG-600 Hand-truck is entirely designed out of aluminium and it offers a moving capacity of up to 600 pounds. Weighing only 32 pounds, it is easily transportable and manageable. The DG-600 Hand-truck offers a choice of pallets ranging from 8 to 12 inches deep, 18 \u00be inches wide as well as 46 inches tall. In addition, the DG-600 Hand-truck is available with multiple options, suitable for many industries.<\/p>\n<p>The base DG-600 Hand-truck comes with standard handles (green) and wheels with tubes.<\/p>\n","protected":false},"featured_media":3162,"template":"","meta":[],"product_brand":[],"product_cat":[38],"product_tag":[],"class_list":{"0":"post-1647","1":"product","2":"type-product","3":"status-publish","4":"has-post-thumbnail","6":"product_cat-hand-trucks","8":"first","9":"instock","10":"shipping-taxable","11":"purchasable","12":"product-type-simple"},"exclude_global_add_ons":false,"addons":[{"name":"Palette","type":"multiple_choice","position":0,"required":true,"title_format":"label","default":"","description_enable":false,"description":"","placeholder_enable":false,"placeholder":"","display":"select","restrictions_type":"any_text","adjust_price":false,"price":"","price_type":"flat_fee","restrictions":false,"min":"0","max":"0","options":[{"label":"8\" Palette","price":"","price_type":"flat_fee","image":0,"visibility":true},{"label":"9\" Palette","price":"19.78","price_type":"quantity_based","image":0,"visibility":true},{"label":"10\" Palette","price":"24.34","price_type":"quantity_based","image":0,"visibility":true},{"label":"12\" Palette","price":"40.54","price_type":"quantity_based","image":0,"visibility":true}],"id":1689069566},{"name":"Options","type":"checkbox","position":1,"required":false,"title_format":"label","default":"","description_enable":false,"description":"","placeholder_enable":false,"placeholder":"","display":"select","restrictions_type":"any_text","adjust_price":false,"price":"","price_type":"flat_fee","restrictions":false,"min":"0","max":"0","options":[{"label":"Reinforced frame","price":"103.38","price_type":"quantity_based","image":0,"visibility":true},{"label":"Heavy duty handles","price":"8.63","price_type":"quantity_based","image":0,"visibility":true},{"label":"Puncture proof wheels","price":"103.38","price_type":"quantity_based","image":0,"visibility":true},{"label":"Hand truck extension","price":"56.54","price_type":"quantity_based","image":0,"visibility":true},{"label":"Step up","price":"75.36","price_type":"quantity_based","image":0,"visibility":true}],"id":1689069567}],"yoast_head":"<!-- This site is optimized with the Yoast SEO plugin v27.5 - https:\/\/yoast.com\/product\/yoast-seo-wordpress\/ -->\n<title>DG-600 - DG Industriel Inc.<\/title>\n<meta name=\"robots\" content=\"index, follow, max-snippet:-1, max-image-preview:large, max-video-preview:-1\" \/>\n<link rel=\"canonical\" href=\"https:\/\/dgindustriel.com\/en\/produit\/dg-600\/\" \/>\n<meta property=\"og:locale\" content=\"en_US\" \/>\n<meta property=\"og:type\" content=\"article\" \/>\n<meta property=\"og:title\" content=\"DG-600 - DG Industriel Inc.\" \/>\n<meta property=\"og:description\" content=\"The DG-600 Hand-truck is entirely designed out of aluminium and it offers a moving capacity of up to 600 pounds. Weighing only 32 pounds, it is easily transportable and manageable. The DG-600 Hand-truck offers a choice of pallets ranging from 8 to 12 inches deep, 18 \u00be inches wide as well as 46 inches tall. In addition, the DG-600 Hand-truck is available with multiple options, suitable for many industries.  The base DG-600 Hand-truck comes with standard handles (green) and wheels with tubes.\" \/>\n<meta property=\"og:url\" content=\"https:\/\/dgindustriel.com\/en\/produit\/dg-600\/\" \/>\n<meta property=\"og:site_name\" content=\"DG Industriel Inc.\" \/>\n<meta property=\"article:publisher\" content=\"https:\/\/www.facebook.com\/desmaraisetgagne\/\" \/>\n<meta property=\"article:modified_time\" content=\"2026-04-27T18:51:12+00:00\" \/>\n<meta property=\"og:image\" content=\"https:\/\/dgindustriel.com\/wp-content\/uploads\/2023\/03\/big-dg600.jpg\" \/>\n\t<meta property=\"og:image:width\" content=\"1500\" \/>\n\t<meta property=\"og:image:height\" content=\"1500\" \/>\n\t<meta property=\"og:image:type\" content=\"image\/jpeg\" \/>\n<meta name=\"twitter:card\" content=\"summary_large_image\" \/>\n<meta name=\"twitter:label1\" content=\"Est. reading time\" \/>\n\t<meta name=\"twitter:data1\" content=\"1 minute\" \/>\n<script type=\"application\/ld+json\" class=\"yoast-schema-graph\">{\"@context\":\"https:\\\/\\\/schema.org\",\"@graph\":[{\"@type\":\"WebPage\",\"@id\":\"https:\\\/\\\/dgindustriel.com\\\/en\\\/produit\\\/dg-600\\\/\",\"url\":\"https:\\\/\\\/dgindustriel.com\\\/en\\\/produit\\\/dg-600\\\/\",\"name\":\"DG-600 - DG Industriel Inc.\",\"isPartOf\":{\"@id\":\"https:\\\/\\\/dgindustriel.com\\\/#website\"},\"primaryImageOfPage\":{\"@id\":\"https:\\\/\\\/dgindustriel.com\\\/en\\\/produit\\\/dg-600\\\/#primaryimage\"},\"image\":{\"@id\":\"https:\\\/\\\/dgindustriel.com\\\/en\\\/produit\\\/dg-600\\\/#primaryimage\"},\"thumbnailUrl\":\"https:\\\/\\\/dgindustriel.com\\\/wp-content\\\/uploads\\\/2026\\\/04\\\/diable-industriel-dg-600-aluminium-600-lb.jpg\",\"datePublished\":\"2023-04-05T19:49:22+00:00\",\"dateModified\":\"2026-04-27T18:51:12+00:00\",\"breadcrumb\":{\"@id\":\"https:\\\/\\\/dgindustriel.com\\\/en\\\/produit\\\/dg-600\\\/#breadcrumb\"},\"inLanguage\":\"en-US\",\"potentialAction\":[{\"@type\":\"ReadAction\",\"target\":[\"https:\\\/\\\/dgindustriel.com\\\/en\\\/produit\\\/dg-600\\\/\"]}]},{\"@type\":\"ImageObject\",\"inLanguage\":\"en-US\",\"@id\":\"https:\\\/\\\/dgindustriel.com\\\/en\\\/produit\\\/dg-600\\\/#primaryimage\",\"url\":\"https:\\\/\\\/dgindustriel.com\\\/wp-content\\\/uploads\\\/2026\\\/04\\\/diable-industriel-dg-600-aluminium-600-lb.jpg\",\"contentUrl\":\"https:\\\/\\\/dgindustriel.com\\\/wp-content\\\/uploads\\\/2026\\\/04\\\/diable-industriel-dg-600-aluminium-600-lb.jpg\",\"width\":1080,\"height\":1080},{\"@type\":\"BreadcrumbList\",\"@id\":\"https:\\\/\\\/dgindustriel.com\\\/en\\\/produit\\\/dg-600\\\/#breadcrumb\",\"itemListElement\":[{\"@type\":\"ListItem\",\"position\":1,\"name\":\"Accueil\",\"item\":\"https:\\\/\\\/dgindustriel.com\\\/en\\\/\"},{\"@type\":\"ListItem\",\"position\":2,\"name\":\"Produits\",\"item\":\"https:\\\/\\\/dgindustriel.com\\\/shop\\\/\"},{\"@type\":\"ListItem\",\"position\":3,\"name\":\"DG-600\"}]},{\"@type\":\"WebSite\",\"@id\":\"https:\\\/\\\/dgindustriel.com\\\/#website\",\"url\":\"https:\\\/\\\/dgindustriel.com\\\/\",\"name\":\"Desmarais &amp; Gagn\u00e9 inc.\",\"description\":\"Transformation m\u00e9tallique | Soudure robotis\u00e9e\",\"publisher\":{\"@id\":\"https:\\\/\\\/dgindustriel.com\\\/#organization\"},\"potentialAction\":[{\"@type\":\"SearchAction\",\"target\":{\"@type\":\"EntryPoint\",\"urlTemplate\":\"https:\\\/\\\/dgindustriel.com\\\/?s={search_term_string}\"},\"query-input\":{\"@type\":\"PropertyValueSpecification\",\"valueRequired\":true,\"valueName\":\"search_term_string\"}}],\"inLanguage\":\"en-US\"},{\"@type\":\"Organization\",\"@id\":\"https:\\\/\\\/dgindustriel.com\\\/#organization\",\"name\":\"Desmarais & Gagn\u00e9 inc.\",\"url\":\"https:\\\/\\\/dgindustriel.com\\\/\",\"logo\":{\"@type\":\"ImageObject\",\"inLanguage\":\"en-US\",\"@id\":\"https:\\\/\\\/dgindustriel.com\\\/#\\\/schema\\\/logo\\\/image\\\/\",\"url\":\"https:\\\/\\\/dgindustriel.com\\\/wp-content\\\/uploads\\\/2018\\\/12\\\/logo-dg.jpg\",\"contentUrl\":\"https:\\\/\\\/dgindustriel.com\\\/wp-content\\\/uploads\\\/2018\\\/12\\\/logo-dg.jpg\",\"width\":654,\"height\":293,\"caption\":\"Desmarais & Gagn\u00e9 inc.\"},\"image\":{\"@id\":\"https:\\\/\\\/dgindustriel.com\\\/#\\\/schema\\\/logo\\\/image\\\/\"},\"sameAs\":[\"https:\\\/\\\/www.facebook.com\\\/desmaraisetgagne\\\/\"]}]}<\/script>\n<!-- \/ Yoast SEO plugin. -->","yoast_head_json":{"title":"DG-600 - DG Industriel Inc.","robots":{"index":"index","follow":"follow","max-snippet":"max-snippet:-1","max-image-preview":"max-image-preview:large","max-video-preview":"max-video-preview:-1"},"canonical":"https:\/\/dgindustriel.com\/en\/produit\/dg-600\/","og_locale":"en_US","og_type":"article","og_title":"DG-600 - DG Industriel Inc.","og_description":"The DG-600 Hand-truck is entirely designed out of aluminium and it offers a moving capacity of up to 600 pounds. Weighing only 32 pounds, it is easily transportable and manageable. The DG-600 Hand-truck offers a choice of pallets ranging from 8 to 12 inches deep, 18 \u00be inches wide as well as 46 inches tall. In addition, the DG-600 Hand-truck is available with multiple options, suitable for many industries.  The base DG-600 Hand-truck comes with standard handles (green) and wheels with tubes.","og_url":"https:\/\/dgindustriel.com\/en\/produit\/dg-600\/","og_site_name":"DG Industriel Inc.","article_publisher":"https:\/\/www.facebook.com\/desmaraisetgagne\/","article_modified_time":"2026-04-27T18:51:12+00:00","og_image":[{"width":1500,"height":1500,"url":"https:\/\/dgindustriel.com\/wp-content\/uploads\/2023\/03\/big-dg600.jpg","type":"image\/jpeg"}],"twitter_card":"summary_large_image","twitter_misc":{"Est. reading time":"1 minute"},"schema":{"@context":"https:\/\/schema.org","@graph":[{"@type":"WebPage","@id":"https:\/\/dgindustriel.com\/en\/produit\/dg-600\/","url":"https:\/\/dgindustriel.com\/en\/produit\/dg-600\/","name":"DG-600 - DG Industriel Inc.","isPartOf":{"@id":"https:\/\/dgindustriel.com\/#website"},"primaryImageOfPage":{"@id":"https:\/\/dgindustriel.com\/en\/produit\/dg-600\/#primaryimage"},"image":{"@id":"https:\/\/dgindustriel.com\/en\/produit\/dg-600\/#primaryimage"},"thumbnailUrl":"https:\/\/dgindustriel.com\/wp-content\/uploads\/2026\/04\/diable-industriel-dg-600-aluminium-600-lb.jpg","datePublished":"2023-04-05T19:49:22+00:00","dateModified":"2026-04-27T18:51:12+00:00","breadcrumb":{"@id":"https:\/\/dgindustriel.com\/en\/produit\/dg-600\/#breadcrumb"},"inLanguage":"en-US","potentialAction":[{"@type":"ReadAction","target":["https:\/\/dgindustriel.com\/en\/produit\/dg-600\/"]}]},{"@type":"ImageObject","inLanguage":"en-US","@id":"https:\/\/dgindustriel.com\/en\/produit\/dg-600\/#primaryimage","url":"https:\/\/dgindustriel.com\/wp-content\/uploads\/2026\/04\/diable-industriel-dg-600-aluminium-600-lb.jpg","contentUrl":"https:\/\/dgindustriel.com\/wp-content\/uploads\/2026\/04\/diable-industriel-dg-600-aluminium-600-lb.jpg","width":1080,"height":1080},{"@type":"BreadcrumbList","@id":"https:\/\/dgindustriel.com\/en\/produit\/dg-600\/#breadcrumb","itemListElement":[{"@type":"ListItem","position":1,"name":"Accueil","item":"https:\/\/dgindustriel.com\/en\/"},{"@type":"ListItem","position":2,"name":"Produits","item":"https:\/\/dgindustriel.com\/shop\/"},{"@type":"ListItem","position":3,"name":"DG-600"}]},{"@type":"WebSite","@id":"https:\/\/dgindustriel.com\/#website","url":"https:\/\/dgindustriel.com\/","name":"Desmarais &amp; Gagn\u00e9 inc.","description":"Transformation m\u00e9tallique | Soudure robotis\u00e9e","publisher":{"@id":"https:\/\/dgindustriel.com\/#organization"},"potentialAction":[{"@type":"SearchAction","target":{"@type":"EntryPoint","urlTemplate":"https:\/\/dgindustriel.com\/?s={search_term_string}"},"query-input":{"@type":"PropertyValueSpecification","valueRequired":true,"valueName":"search_term_string"}}],"inLanguage":"en-US"},{"@type":"Organization","@id":"https:\/\/dgindustriel.com\/#organization","name":"Desmarais & Gagn\u00e9 inc.","url":"https:\/\/dgindustriel.com\/","logo":{"@type":"ImageObject","inLanguage":"en-US","@id":"https:\/\/dgindustriel.com\/#\/schema\/logo\/image\/","url":"https:\/\/dgindustriel.com\/wp-content\/uploads\/2018\/12\/logo-dg.jpg","contentUrl":"https:\/\/dgindustriel.com\/wp-content\/uploads\/2018\/12\/logo-dg.jpg","width":654,"height":293,"caption":"Desmarais & Gagn\u00e9 inc."},"image":{"@id":"https:\/\/dgindustriel.com\/#\/schema\/logo\/image\/"},"sameAs":["https:\/\/www.facebook.com\/desmaraisetgagne\/"]}]}},"_links":{"self":[{"href":"https:\/\/dgindustriel.com\/en\/wp-json\/wp\/v2\/product\/1647","targetHints":{"allow":["GET"]}}],"collection":[{"href":"https:\/\/dgindustriel.com\/en\/wp-json\/wp\/v2\/product"}],"about":[{"href":"https:\/\/dgindustriel.com\/en\/wp-json\/wp\/v2\/types\/product"}],"version-history":[{"count":3,"href":"https:\/\/dgindustriel.com\/en\/wp-json\/wp\/v2\/product\/1647\/revisions"}],"predecessor-version":[{"id":2163,"href":"https:\/\/dgindustriel.com\/en\/wp-json\/wp\/v2\/product\/1647\/revisions\/2163"}],"wp:featuredmedia":[{"embeddable":true,"href":"https:\/\/dgindustriel.com\/en\/wp-json\/wp\/v2\/media\/3162"}],"wp:attachment":[{"href":"https:\/\/dgindustriel.com\/en\/wp-json\/wp\/v2\/media?parent=1647"}],"wp:term":[{"taxonomy":"product_brand","embeddable":true,"href":"https:\/\/dgindustriel.com\/en\/wp-json\/wp\/v2\/product_brand?post=1647"},{"taxonomy":"product_cat","embeddable":true,"href":"https:\/\/dgindustriel.com\/en\/wp-json\/wp\/v2\/product_cat?post=1647"},{"taxonomy":"product_tag","embeddable":true,"href":"https:\/\/dgindustriel.com\/en\/wp-json\/wp\/v2\/product_tag?post=1647"}],"curies":[{"name":"wp","href":"https:\/\/api.w.org\/{rel}","templated":true}]}}