{"id":1824,"date":"2026-04-27T10:19:59","date_gmt":"2026-04-27T14:19:59","guid":{"rendered":"https:\/\/dgindustriel.com\/?post_type=product&#038;p=1824"},"modified":"2026-04-27T14:51:12","modified_gmt":"2026-04-27T18:51:12","slug":"tube-de-graisse","status":"publish","type":"product","link":"https:\/\/dgindustriel.com\/en\/produit\/tube-de-graisse\/","title":{"rendered":"Tube de graisse"},"content":{"rendered":"<p>La graisse Multifak\u00ae EP au lithium est une graisse industrielle multipurpose \u00e0 pression extr\u00eame (EP), con\u00e7ue pour r\u00e9pondre \u00e0 une large gamme d\u2019applications m\u00e9caniques et industrielles.<\/p>\n<p>Formul\u00e9e \u00e0 partir d\u2019huiles de base hautement raffin\u00e9es et d\u2019un \u00e9paississant au lithium 12-hydroxyst\u00e9arate, elle int\u00e8gre des additifs EP ainsi que des inhibiteurs de rouille et d\u2019oxydation.<\/p>\n<h6>Elle offre :<\/h6>\n<p>\u2022 Excellente capacit\u00e9 de charge<br \/>\n\u2022 Bonne r\u00e9sistance \u00e0 l\u2019eau et au lessivage<br \/>\n\u2022 Protection anticorrosion des surfaces de roulement<br \/>\n\u2022 Stabilit\u00e9 \u00e0 l\u2019oxydation<br \/>\n\u2022 Faible s\u00e9paration d\u2019huile<br \/>\n\u2022 Bonne pompabilit\u00e9 \u00e0 basse temp\u00e9rature<br \/>\n\u2022 Compatibilit\u00e9 avec syst\u00e8mes de lubrification centralis\u00e9s<\/p>\n<h6>Applications typiques :<\/h6>\n<p>\u2022 Roulements lisses et antifriction<br \/>\n\u2022 Roulements \u00e0 billes, rouleaux et aiguilles<br \/>\n\u2022 \u00c9quipements de construction<br \/>\n\u2022 Convoyeurs et rouleaux<br \/>\n\u2022 \u00c9quipements de concassage et tamisage<br \/>\n\u2022 Lubrification de ch\u00e2ssis<br \/>\n\u2022 Roulements de roues (freins non \u00e0 disque)<br \/>\n\u2022 \u00c9quipements de manutention industrielle<\/p>\n<p>Particuli\u00e8rement recommand\u00e9e pour roulements soumis \u00e0 charges de choc.<\/p>\n","protected":false},"excerpt":{"rendered":"<p>La graisse Multifak\u00ae EP au lithium est une graisse industrielle multipurpose \u00e0 pression extr\u00eame (EP), con\u00e7ue pour r\u00e9pondre \u00e0 une large gamme d\u2019applications m\u00e9caniques et industrielles. Formul\u00e9e \u00e0 partir d\u2019huiles de base hautement raffin\u00e9es et d\u2019un \u00e9paississant au lithium 12-hydroxyst\u00e9arate, elle int\u00e8gre des additifs EP ainsi que des inhibiteurs de rouille et d\u2019oxydation. Elle offre [&hellip;]<\/p>\n","protected":false},"featured_media":3173,"template":"","meta":[],"product_brand":[],"product_cat":[28],"product_tag":[],"class_list":{"0":"post-1824","1":"product","2":"type-product","3":"status-publish","4":"has-post-thumbnail","6":"product_cat-accessoires","8":"first","9":"instock","10":"shipping-taxable","11":"purchasable","12":"product-type-simple"},"exclude_global_add_ons":[],"addons":[],"yoast_head":"<!-- This site is optimized with the Yoast SEO plugin v27.5 - https:\/\/yoast.com\/product\/yoast-seo-wordpress\/ -->\n<title>Tube de graisse - DG Industriel Inc.<\/title>\n<meta name=\"robots\" content=\"index, follow, max-snippet:-1, max-image-preview:large, max-video-preview:-1\" \/>\n<link rel=\"canonical\" href=\"https:\/\/dgindustriel.com\/?post_type=product&p=1824\" \/>\n<meta property=\"og:locale\" content=\"en_US\" \/>\n<meta property=\"og:type\" content=\"article\" \/>\n<meta property=\"og:title\" content=\"Tube de graisse - DG Industriel Inc.\" \/>\n<meta property=\"og:description\" content=\"La graisse Multifak\u00ae EP au lithium est une graisse industrielle multipurpose \u00e0 pression extr\u00eame (EP), con\u00e7ue pour r\u00e9pondre \u00e0 une large gamme d\u2019applications m\u00e9caniques et industrielles. Formul\u00e9e \u00e0 partir d\u2019huiles de base hautement raffin\u00e9es et d\u2019un \u00e9paississant au lithium 12-hydroxyst\u00e9arate, elle int\u00e8gre des additifs EP ainsi que des inhibiteurs de rouille et d\u2019oxydation. Elle offre [&hellip;]\" \/>\n<meta property=\"og:url\" content=\"https:\/\/dgindustriel.com\/?post_type=product&amp;p=1824\" \/>\n<meta property=\"og:site_name\" content=\"DG Industriel Inc.\" \/>\n<meta property=\"article:publisher\" content=\"https:\/\/www.facebook.com\/desmaraisetgagne\/\" \/>\n<meta property=\"article:modified_time\" content=\"2026-04-27T18:51:12+00:00\" \/>\n<meta property=\"og:image\" content=\"https:\/\/dgindustriel.com\/wp-content\/uploads\/2023\/05\/tube-graisse-1.jpg\" \/>\n\t<meta property=\"og:image:width\" content=\"1000\" \/>\n\t<meta property=\"og:image:height\" content=\"1000\" \/>\n\t<meta property=\"og:image:type\" content=\"image\/jpeg\" \/>\n<meta name=\"twitter:card\" content=\"summary_large_image\" \/>\n<script type=\"application\/ld+json\" class=\"yoast-schema-graph\">{\"@context\":\"https:\\\/\\\/schema.org\",\"@graph\":[{\"@type\":\"WebPage\",\"@id\":\"https:\\\/\\\/dgindustriel.com\\\/?post_type=product&p=1824\",\"url\":\"https:\\\/\\\/dgindustriel.com\\\/?post_type=product&p=1824\",\"name\":\"Tube de graisse - DG Industriel Inc.\",\"isPartOf\":{\"@id\":\"https:\\\/\\\/dgindustriel.com\\\/#website\"},\"primaryImageOfPage\":{\"@id\":\"https:\\\/\\\/dgindustriel.com\\\/?post_type=product&p=1824#primaryimage\"},\"image\":{\"@id\":\"https:\\\/\\\/dgindustriel.com\\\/?post_type=product&p=1824#primaryimage\"},\"thumbnailUrl\":\"https:\\\/\\\/dgindustriel.com\\\/wp-content\\\/uploads\\\/2026\\\/04\\\/graisse-multifak-ep-lithium-400g-cartouche.jpg\",\"datePublished\":\"2026-04-27T14:19:59+00:00\",\"dateModified\":\"2026-04-27T18:51:12+00:00\",\"breadcrumb\":{\"@id\":\"https:\\\/\\\/dgindustriel.com\\\/?post_type=product&p=1824#breadcrumb\"},\"inLanguage\":\"en-US\",\"potentialAction\":[{\"@type\":\"ReadAction\",\"target\":[\"https:\\\/\\\/dgindustriel.com\\\/?post_type=product&p=1824\"]}]},{\"@type\":\"ImageObject\",\"inLanguage\":\"en-US\",\"@id\":\"https:\\\/\\\/dgindustriel.com\\\/?post_type=product&p=1824#primaryimage\",\"url\":\"https:\\\/\\\/dgindustriel.com\\\/wp-content\\\/uploads\\\/2026\\\/04\\\/graisse-multifak-ep-lithium-400g-cartouche.jpg\",\"contentUrl\":\"https:\\\/\\\/dgindustriel.com\\\/wp-content\\\/uploads\\\/2026\\\/04\\\/graisse-multifak-ep-lithium-400g-cartouche.jpg\",\"width\":1080,\"height\":1080},{\"@type\":\"BreadcrumbList\",\"@id\":\"https:\\\/\\\/dgindustriel.com\\\/?post_type=product&p=1824#breadcrumb\",\"itemListElement\":[{\"@type\":\"ListItem\",\"position\":1,\"name\":\"Accueil\",\"item\":\"https:\\\/\\\/dgindustriel.com\\\/en\\\/\"},{\"@type\":\"ListItem\",\"position\":2,\"name\":\"Produits\",\"item\":\"https:\\\/\\\/dgindustriel.com\\\/shop\\\/\"},{\"@type\":\"ListItem\",\"position\":3,\"name\":\"Tube de graisse\"}]},{\"@type\":\"WebSite\",\"@id\":\"https:\\\/\\\/dgindustriel.com\\\/#website\",\"url\":\"https:\\\/\\\/dgindustriel.com\\\/\",\"name\":\"Desmarais &amp; Gagn\u00e9 inc.\",\"description\":\"Transformation m\u00e9tallique | Soudure robotis\u00e9e\",\"publisher\":{\"@id\":\"https:\\\/\\\/dgindustriel.com\\\/#organization\"},\"potentialAction\":[{\"@type\":\"SearchAction\",\"target\":{\"@type\":\"EntryPoint\",\"urlTemplate\":\"https:\\\/\\\/dgindustriel.com\\\/?s={search_term_string}\"},\"query-input\":{\"@type\":\"PropertyValueSpecification\",\"valueRequired\":true,\"valueName\":\"search_term_string\"}}],\"inLanguage\":\"en-US\"},{\"@type\":\"Organization\",\"@id\":\"https:\\\/\\\/dgindustriel.com\\\/#organization\",\"name\":\"Desmarais & Gagn\u00e9 inc.\",\"url\":\"https:\\\/\\\/dgindustriel.com\\\/\",\"logo\":{\"@type\":\"ImageObject\",\"inLanguage\":\"en-US\",\"@id\":\"https:\\\/\\\/dgindustriel.com\\\/#\\\/schema\\\/logo\\\/image\\\/\",\"url\":\"https:\\\/\\\/dgindustriel.com\\\/wp-content\\\/uploads\\\/2018\\\/12\\\/logo-dg.jpg\",\"contentUrl\":\"https:\\\/\\\/dgindustriel.com\\\/wp-content\\\/uploads\\\/2018\\\/12\\\/logo-dg.jpg\",\"width\":654,\"height\":293,\"caption\":\"Desmarais & Gagn\u00e9 inc.\"},\"image\":{\"@id\":\"https:\\\/\\\/dgindustriel.com\\\/#\\\/schema\\\/logo\\\/image\\\/\"},\"sameAs\":[\"https:\\\/\\\/www.facebook.com\\\/desmaraisetgagne\\\/\"]}]}<\/script>\n<!-- \/ Yoast SEO plugin. -->","yoast_head_json":{"title":"Tube de graisse - DG Industriel Inc.","robots":{"index":"index","follow":"follow","max-snippet":"max-snippet:-1","max-image-preview":"max-image-preview:large","max-video-preview":"max-video-preview:-1"},"canonical":"https:\/\/dgindustriel.com\/?post_type=product&p=1824","og_locale":"en_US","og_type":"article","og_title":"Tube de graisse - DG Industriel Inc.","og_description":"La graisse Multifak\u00ae EP au lithium est une graisse industrielle multipurpose \u00e0 pression extr\u00eame (EP), con\u00e7ue pour r\u00e9pondre \u00e0 une large gamme d\u2019applications m\u00e9caniques et industrielles. Formul\u00e9e \u00e0 partir d\u2019huiles de base hautement raffin\u00e9es et d\u2019un \u00e9paississant au lithium 12-hydroxyst\u00e9arate, elle int\u00e8gre des additifs EP ainsi que des inhibiteurs de rouille et d\u2019oxydation. Elle offre [&hellip;]","og_url":"https:\/\/dgindustriel.com\/?post_type=product&p=1824","og_site_name":"DG Industriel Inc.","article_publisher":"https:\/\/www.facebook.com\/desmaraisetgagne\/","article_modified_time":"2026-04-27T18:51:12+00:00","og_image":[{"width":1000,"height":1000,"url":"https:\/\/dgindustriel.com\/wp-content\/uploads\/2023\/05\/tube-graisse-1.jpg","type":"image\/jpeg"}],"twitter_card":"summary_large_image","schema":{"@context":"https:\/\/schema.org","@graph":[{"@type":"WebPage","@id":"https:\/\/dgindustriel.com\/?post_type=product&p=1824","url":"https:\/\/dgindustriel.com\/?post_type=product&p=1824","name":"Tube de graisse - DG Industriel Inc.","isPartOf":{"@id":"https:\/\/dgindustriel.com\/#website"},"primaryImageOfPage":{"@id":"https:\/\/dgindustriel.com\/?post_type=product&p=1824#primaryimage"},"image":{"@id":"https:\/\/dgindustriel.com\/?post_type=product&p=1824#primaryimage"},"thumbnailUrl":"https:\/\/dgindustriel.com\/wp-content\/uploads\/2026\/04\/graisse-multifak-ep-lithium-400g-cartouche.jpg","datePublished":"2026-04-27T14:19:59+00:00","dateModified":"2026-04-27T18:51:12+00:00","breadcrumb":{"@id":"https:\/\/dgindustriel.com\/?post_type=product&p=1824#breadcrumb"},"inLanguage":"en-US","potentialAction":[{"@type":"ReadAction","target":["https:\/\/dgindustriel.com\/?post_type=product&p=1824"]}]},{"@type":"ImageObject","inLanguage":"en-US","@id":"https:\/\/dgindustriel.com\/?post_type=product&p=1824#primaryimage","url":"https:\/\/dgindustriel.com\/wp-content\/uploads\/2026\/04\/graisse-multifak-ep-lithium-400g-cartouche.jpg","contentUrl":"https:\/\/dgindustriel.com\/wp-content\/uploads\/2026\/04\/graisse-multifak-ep-lithium-400g-cartouche.jpg","width":1080,"height":1080},{"@type":"BreadcrumbList","@id":"https:\/\/dgindustriel.com\/?post_type=product&p=1824#breadcrumb","itemListElement":[{"@type":"ListItem","position":1,"name":"Accueil","item":"https:\/\/dgindustriel.com\/en\/"},{"@type":"ListItem","position":2,"name":"Produits","item":"https:\/\/dgindustriel.com\/shop\/"},{"@type":"ListItem","position":3,"name":"Tube de graisse"}]},{"@type":"WebSite","@id":"https:\/\/dgindustriel.com\/#website","url":"https:\/\/dgindustriel.com\/","name":"Desmarais &amp; Gagn\u00e9 inc.","description":"Transformation m\u00e9tallique | Soudure robotis\u00e9e","publisher":{"@id":"https:\/\/dgindustriel.com\/#organization"},"potentialAction":[{"@type":"SearchAction","target":{"@type":"EntryPoint","urlTemplate":"https:\/\/dgindustriel.com\/?s={search_term_string}"},"query-input":{"@type":"PropertyValueSpecification","valueRequired":true,"valueName":"search_term_string"}}],"inLanguage":"en-US"},{"@type":"Organization","@id":"https:\/\/dgindustriel.com\/#organization","name":"Desmarais & Gagn\u00e9 inc.","url":"https:\/\/dgindustriel.com\/","logo":{"@type":"ImageObject","inLanguage":"en-US","@id":"https:\/\/dgindustriel.com\/#\/schema\/logo\/image\/","url":"https:\/\/dgindustriel.com\/wp-content\/uploads\/2018\/12\/logo-dg.jpg","contentUrl":"https:\/\/dgindustriel.com\/wp-content\/uploads\/2018\/12\/logo-dg.jpg","width":654,"height":293,"caption":"Desmarais & Gagn\u00e9 inc."},"image":{"@id":"https:\/\/dgindustriel.com\/#\/schema\/logo\/image\/"},"sameAs":["https:\/\/www.facebook.com\/desmaraisetgagne\/"]}]}},"_links":{"self":[{"href":"https:\/\/dgindustriel.com\/en\/wp-json\/wp\/v2\/product\/1824","targetHints":{"allow":["GET"]}}],"collection":[{"href":"https:\/\/dgindustriel.com\/en\/wp-json\/wp\/v2\/product"}],"about":[{"href":"https:\/\/dgindustriel.com\/en\/wp-json\/wp\/v2\/types\/product"}],"version-history":[{"count":2,"href":"https:\/\/dgindustriel.com\/en\/wp-json\/wp\/v2\/product\/1824\/revisions"}],"predecessor-version":[{"id":3260,"href":"https:\/\/dgindustriel.com\/en\/wp-json\/wp\/v2\/product\/1824\/revisions\/3260"}],"wp:featuredmedia":[{"embeddable":true,"href":"https:\/\/dgindustriel.com\/en\/wp-json\/wp\/v2\/media\/3173"}],"wp:attachment":[{"href":"https:\/\/dgindustriel.com\/en\/wp-json\/wp\/v2\/media?parent=1824"}],"wp:term":[{"taxonomy":"product_brand","embeddable":true,"href":"https:\/\/dgindustriel.com\/en\/wp-json\/wp\/v2\/product_brand?post=1824"},{"taxonomy":"product_cat","embeddable":true,"href":"https:\/\/dgindustriel.com\/en\/wp-json\/wp\/v2\/product_cat?post=1824"},{"taxonomy":"product_tag","embeddable":true,"href":"https:\/\/dgindustriel.com\/en\/wp-json\/wp\/v2\/product_tag?post=1824"}],"curies":[{"name":"wp","href":"https:\/\/api.w.org\/{rel}","templated":true}]}}